{"id":10612,"date":"2024-01-03T11:16:33","date_gmt":"2024-01-03T10:16:33","guid":{"rendered":"https:\/\/franziska-schaeren-schweiz.ch\/accueil\/"},"modified":"2026-02-28T08:18:51","modified_gmt":"2026-02-28T07:18:51","slug":"accueil","status":"publish","type":"page","link":"https:\/\/franziska-schaeren-schweiz.weiterdev.ch\/fr\/","title":{"rendered":"Accueil"},"content":{"rendered":"\t\t<div data-elementor-type=\"wp-page\" data-elementor-id=\"10612\" class=\"elementor elementor-10612 elementor-2\" data-elementor-post-type=\"page\">\n\t\t\t\t<div class=\"elementor-element elementor-element-72426996 e-flex e-con-boxed e-con e-parent\" data-id=\"72426996\" data-element_type=\"container\" data-e-type=\"container\" data-settings=\"{&quot;jet_parallax_layout_list&quot;:[],&quot;background_background&quot;:&quot;classic&quot;,&quot;_ob_use_container_extras&quot;:&quot;no&quot;,&quot;_ob_column_hoveranimator&quot;:&quot;no&quot;,&quot;_ob_column_has_pseudo&quot;:&quot;no&quot;}\">\n\t\t\t\t\t<div class=\"e-con-inner\">\n\t\t<div class=\"elementor-element elementor-element-6f309ce e-con-full e-flex e-con e-child\" data-id=\"6f309ce\" data-element_type=\"container\" data-e-type=\"container\" data-settings=\"{&quot;jet_parallax_layout_list&quot;:[],&quot;_ob_use_container_extras&quot;:&quot;no&quot;,&quot;_ob_column_hoveranimator&quot;:&quot;no&quot;,&quot;_ob_glider_is_slider&quot;:&quot;no&quot;,&quot;_ob_column_has_pseudo&quot;:&quot;no&quot;}\">\n\t\t\t\t<div class=\"elementor-element elementor-element-941fdd2 elementor-absolute elementor-hidden-widescreen elementor-hidden-desktop elementor-hidden-laptop elementor-hidden-tablet_extra elementor-hidden-tablet elementor-hidden-mobile_extra elementor-hidden-mobile ob-has-background-overlay elementor-widget elementor-widget-image\" data-id=\"941fdd2\" data-element_type=\"widget\" data-e-type=\"widget\" data-settings=\"{&quot;_position&quot;:&quot;absolute&quot;,&quot;_ob_photomorph_use&quot;:&quot;no&quot;,&quot;_ob_perspektive_use&quot;:&quot;no&quot;,&quot;_ob_poopart_use&quot;:&quot;yes&quot;,&quot;_ob_shadough_use&quot;:&quot;no&quot;,&quot;_ob_allow_hoveranimator&quot;:&quot;no&quot;,&quot;_ob_widget_stalker_use&quot;:&quot;no&quot;}\" data-widget_type=\"image.default\">\n\t\t\t\t<div class=\"elementor-widget-container\">\n\t\t\t\t\t\t\t\t\t\t\t\t\t\t\t<img fetchpriority=\"high\" decoding=\"async\" width=\"1000\" height=\"1000\" src=\"https:\/\/franziska-schaeren-schweiz.weiterdev.ch\/wp-content\/uploads\/2025\/09\/fss_website_film_franziska_schaeren8-2048x1152-1.jpg\" class=\"attachment-full size-full wp-image-9484\" alt=\"\" srcset=\"https:\/\/franziska-schaeren-schweiz.weiterdev.ch\/wp-content\/uploads\/2025\/09\/fss_website_film_franziska_schaeren8-2048x1152-1.jpg 1000w, https:\/\/franziska-schaeren-schweiz.weiterdev.ch\/wp-content\/uploads\/2025\/09\/fss_website_film_franziska_schaeren8-2048x1152-1-300x300.jpg 300w, https:\/\/franziska-schaeren-schweiz.weiterdev.ch\/wp-content\/uploads\/2025\/09\/fss_website_film_franziska_schaeren8-2048x1152-1-150x150.jpg 150w, https:\/\/franziska-schaeren-schweiz.weiterdev.ch\/wp-content\/uploads\/2025\/09\/fss_website_film_franziska_schaeren8-2048x1152-1-768x768.jpg 768w\" sizes=\"(max-width: 1000px) 100vw, 1000px\" \/>\t\t\t\t\t\t\t\t\t\t\t\t\t\t\t<\/div>\n\t\t\t\t<\/div>\n\t\t\t\t<\/div>\n\t\t\t\t\t<\/div>\n\t\t\t\t<\/div>\n\t\t<div class=\"elementor-element elementor-element-202802e e-flex e-con-boxed e-con e-parent\" data-id=\"202802e\" data-element_type=\"container\" data-e-type=\"container\" data-settings=\"{&quot;jet_parallax_layout_list&quot;:[],&quot;_ob_use_container_extras&quot;:&quot;no&quot;,&quot;_ob_column_hoveranimator&quot;:&quot;no&quot;,&quot;_ob_glider_is_slider&quot;:&quot;no&quot;,&quot;_ob_column_has_pseudo&quot;:&quot;no&quot;}\">\n\t\t\t\t\t<div class=\"e-con-inner\">\n\t\t<div class=\"elementor-element elementor-element-c54b372 e-flex e-con-boxed e-con e-child\" data-id=\"c54b372\" data-element_type=\"container\" data-e-type=\"container\" data-settings=\"{&quot;jet_parallax_layout_list&quot;:[],&quot;_ob_use_container_extras&quot;:&quot;no&quot;,&quot;_ob_column_hoveranimator&quot;:&quot;no&quot;,&quot;_ob_glider_is_slider&quot;:&quot;no&quot;,&quot;_ob_column_has_pseudo&quot;:&quot;no&quot;}\">\n\t\t\t\t\t<div class=\"e-con-inner\">\n\t\t\t\t<div class=\"elementor-element elementor-element-42a662c ob-harakiri-inherit ob-has-background-overlay elementor-widget elementor-widget-heading\" data-id=\"42a662c\" data-element_type=\"widget\" data-e-type=\"widget\" data-settings=\"{&quot;_ob_use_harakiri&quot;:&quot;yes&quot;,&quot;_ob_harakiri_writing_mode&quot;:&quot;inherit&quot;,&quot;_ob_harakiri_text_clip&quot;:&quot;none&quot;,&quot;_ob_perspektive_use&quot;:&quot;no&quot;,&quot;_ob_poopart_use&quot;:&quot;yes&quot;,&quot;_ob_shadough_use&quot;:&quot;no&quot;,&quot;_ob_allow_hoveranimator&quot;:&quot;no&quot;,&quot;_ob_widget_stalker_use&quot;:&quot;no&quot;}\" data-widget_type=\"heading.default\">\n\t\t\t\t<div class=\"elementor-widget-container\">\n\t\t\t\t\t<h1 class=\"elementor-heading-title elementor-size-default\">Herz. Tier. Seele.   \u2013 Donner la vie ensemble.<\/h1>\t\t\t\t<\/div>\n\t\t\t\t<\/div>\n\t\t\t\t<div class=\"elementor-element elementor-element-d92362e ob-harakiri-inherit ob-has-background-overlay elementor-widget elementor-widget-text-editor\" data-id=\"d92362e\" data-element_type=\"widget\" data-e-type=\"widget\" data-settings=\"{&quot;_ob_use_harakiri&quot;:&quot;yes&quot;,&quot;_ob_harakiri_writing_mode&quot;:&quot;inherit&quot;,&quot;_ob_postman_use&quot;:&quot;no&quot;,&quot;_ob_perspektive_use&quot;:&quot;no&quot;,&quot;_ob_poopart_use&quot;:&quot;yes&quot;,&quot;_ob_shadough_use&quot;:&quot;no&quot;,&quot;_ob_allow_hoveranimator&quot;:&quot;no&quot;,&quot;_ob_widget_stalker_use&quot;:&quot;no&quot;}\" data-widget_type=\"text-editor.default\">\n\t\t\t\t<div class=\"elementor-widget-container\">\n\t\t\t\t\t\t\t\t\t<p><strong>Chaque animal nous touche \u00e0 sa mani\u00e8re : avec son \u00e2me, son regard, sa force tranquille. Tous m\u00e9ritent notre protection, nos soins et notre plus grand respect. La Fondation Franziska Sch\u00e4ren travaille exclusivement en collaboration avec des v\u00e9t\u00e9rinaires, des cliniques v\u00e9t\u00e9rinaires, des sp\u00e9cialistes de la m\u00e9decine v\u00e9t\u00e9rinaire compl\u00e9mentaire, des pensions, des organisations de protection, des refuges pour animaux abandonn\u00e9s, malades ou en fin de vie.  <\/strong><\/p>\t\t\t\t\t\t\t\t<\/div>\n\t\t\t\t<\/div>\n\t\t\t\t<div class=\"elementor-element elementor-element-2b2604d elementor-widget-divider--view-line ob-has-background-overlay elementor-widget elementor-widget-divider\" data-id=\"2b2604d\" data-element_type=\"widget\" data-e-type=\"widget\" data-settings=\"{&quot;_ob_perspektive_use&quot;:&quot;no&quot;,&quot;_ob_poopart_use&quot;:&quot;yes&quot;,&quot;_ob_shadough_use&quot;:&quot;no&quot;,&quot;_ob_allow_hoveranimator&quot;:&quot;no&quot;,&quot;_ob_widget_stalker_use&quot;:&quot;no&quot;}\" data-widget_type=\"divider.default\">\n\t\t\t\t<div class=\"elementor-widget-container\">\n\t\t\t\t\t\t\t<div class=\"elementor-divider\">\n\t\t\t<span class=\"elementor-divider-separator\">\n\t\t\t\t\t\t<\/span>\n\t\t<\/div>\n\t\t\t\t\t\t<\/div>\n\t\t\t\t<\/div>\n\t\t\t\t<div class=\"elementor-element elementor-element-147903d ob-harakiri-inherit ob-has-background-overlay elementor-widget elementor-widget-text-editor\" data-id=\"147903d\" data-element_type=\"widget\" data-e-type=\"widget\" data-settings=\"{&quot;_ob_use_harakiri&quot;:&quot;yes&quot;,&quot;_ob_harakiri_writing_mode&quot;:&quot;inherit&quot;,&quot;_ob_postman_use&quot;:&quot;no&quot;,&quot;_ob_perspektive_use&quot;:&quot;no&quot;,&quot;_ob_poopart_use&quot;:&quot;yes&quot;,&quot;_ob_shadough_use&quot;:&quot;no&quot;,&quot;_ob_allow_hoveranimator&quot;:&quot;no&quot;,&quot;_ob_widget_stalker_use&quot;:&quot;no&quot;}\" data-widget_type=\"text-editor.default\">\n\t\t\t\t<div class=\"elementor-widget-container\">\n\t\t\t\t\t\t\t\t\t<h4>Nous soutenons cette d\u00e9marche via une garantie de prise en charge des:<\/h4><p>Soins v\u00e9t\u00e9rinaires et diagnostics<\/p><p>Mesures th\u00e9rapeutiques<\/p><p>Aides compl\u00e9mentaires<\/p><p style=\"font-weight: 400;\">Campagnes de vaccination et de st\u00e9rilisation<\/p><p style=\"font-weight: 400;\">Prise en charge en institution (temporaire ou \u00e0 long terme)<\/p><p>Assistance en cas de catastrophe<\/p><p>Urgences et situations exceptionnelles (des r\u00e8gles sp\u00e9cifiques s&rsquo;appliquent) \ud83d\udc49<span style=\"text-decoration: underline;\"><a href=\"https:\/\/franziska-schaeren-schweiz.weiterdev.ch\/fr\/situation-dexception\/\">En savoir plus (situations exceptionnelles)<\/a><\/span><\/p><p>Garantie de prise en charge des co\u00fbts \ud83d\udc49<span style=\"text-decoration: underline;\"><a href=\"https:\/\/franziska-schaeren-schweiz.weiterdev.ch\/fr\/demande-de-garantie-de-prise-en-charge-des-couts\/\">En savoir plus (formulaire de garantie de paiement)<\/a><\/span><\/p><div data-id=\"536582b\" data-element_type=\"widget\" data-settings=\"{\"_ob_use_harakiri\":\"yes\",\"_ob_harakiri_writing_mode\":\"inherit\",\"_ob_postman_use\":\"no\",\"_ob_perspektive_use\":\"no\",\"_ob_poopart_use\":\"yes\",\"_ob_shadough_use\":\"no\",\"_ob_allow_hoveranimator\":\"no\",\"_ob_widget_stalker_use\":\"no\"}\" data-widget_type=\"text-editor.default\"><div><p><strong><em>Les demandes priv\u00e9es ne peuvent malheureusement pas \u00eatre prises en charge!<\/em><\/strong><\/p><\/div><\/div>\t\t\t\t\t\t\t\t<\/div>\n\t\t\t\t<\/div>\n\t\t\t\t<div class=\"elementor-element elementor-element-c1829cd elementor-widget-divider--view-line ob-has-background-overlay elementor-widget elementor-widget-divider\" data-id=\"c1829cd\" data-element_type=\"widget\" data-e-type=\"widget\" data-settings=\"{&quot;_ob_perspektive_use&quot;:&quot;no&quot;,&quot;_ob_poopart_use&quot;:&quot;yes&quot;,&quot;_ob_shadough_use&quot;:&quot;no&quot;,&quot;_ob_allow_hoveranimator&quot;:&quot;no&quot;,&quot;_ob_widget_stalker_use&quot;:&quot;no&quot;}\" data-widget_type=\"divider.default\">\n\t\t\t\t<div class=\"elementor-widget-container\">\n\t\t\t\t\t\t\t<div class=\"elementor-divider\">\n\t\t\t<span class=\"elementor-divider-separator\">\n\t\t\t\t\t\t<\/span>\n\t\t<\/div>\n\t\t\t\t\t\t<\/div>\n\t\t\t\t<\/div>\n\t\t\t\t<div class=\"elementor-element elementor-element-c7cb9e9 ob-harakiri-inherit ob-has-background-overlay elementor-widget elementor-widget-text-editor\" data-id=\"c7cb9e9\" data-element_type=\"widget\" data-e-type=\"widget\" data-settings=\"{&quot;_ob_use_harakiri&quot;:&quot;yes&quot;,&quot;_ob_harakiri_writing_mode&quot;:&quot;inherit&quot;,&quot;_ob_postman_use&quot;:&quot;no&quot;,&quot;_ob_perspektive_use&quot;:&quot;no&quot;,&quot;_ob_poopart_use&quot;:&quot;yes&quot;,&quot;_ob_shadough_use&quot;:&quot;no&quot;,&quot;_ob_allow_hoveranimator&quot;:&quot;no&quot;,&quot;_ob_widget_stalker_use&quot;:&quot;no&quot;}\" data-widget_type=\"text-editor.default\">\n\t\t\t\t<div class=\"elementor-widget-container\">\n\t\t\t\t\t\t\t\t\t<p><strong>Nous apportons une aide financi\u00e8re directe, simple avec beaucoup de coeur. Notre soutien aide \u00e0 la gu\u00e9rison et \u00e0 une nouvelle vie. Pour nous, la protection des animaux est plus qu&rsquo;une mission. C&rsquo;est notre passion, notre responsabilit\u00e9 et une promesse d&rsquo;avenir.    <\/strong><\/p>\t\t\t\t\t\t\t\t<\/div>\n\t\t\t\t<\/div>\n\t\t\t\t<div class=\"elementor-element elementor-element-ba00501 elementor-align-center ob-has-background-overlay elementor-widget elementor-widget-button\" data-id=\"ba00501\" data-element_type=\"widget\" data-e-type=\"widget\" data-settings=\"{&quot;_ob_butterbutton_use_it&quot;:&quot;no&quot;,&quot;_ob_perspektive_use&quot;:&quot;no&quot;,&quot;_ob_poopart_use&quot;:&quot;yes&quot;,&quot;_ob_shadough_use&quot;:&quot;no&quot;,&quot;_ob_allow_hoveranimator&quot;:&quot;no&quot;,&quot;_ob_widget_stalker_use&quot;:&quot;no&quot;}\" data-widget_type=\"button.default\">\n\t\t\t\t<div class=\"elementor-widget-container\">\n\t\t\t\t\t\t\t\t\t<div class=\"elementor-button-wrapper\">\n\t\t\t\t\t<a class=\"elementor-button elementor-button-link elementor-size-sm\" href=\"https:\/\/franziska-schaeren-schweiz.weiterdev.ch\/fr\/idee-directrice\/\" leitidee=\"\">\n\t\t\t\t\t\t<span class=\"elementor-button-content-wrapper\">\n\t\t\t\t\t\t\t\t\t<span class=\"elementor-button-text\">En savoir plus sur la fondation<\/span>\n\t\t\t\t\t<\/span>\n\t\t\t\t\t<\/a>\n\t\t\t\t<\/div>\n\t\t\t\t\t\t\t\t<\/div>\n\t\t\t\t<\/div>\n\t\t\t\t\t<\/div>\n\t\t\t\t<\/div>\n\t\t\t\t\t<\/div>\n\t\t\t\t<\/div>\n\t\t\t\t<\/div>\n\t\t","protected":false},"excerpt":{"rendered":"<p>Herz. Tier. Seele. \u2013 Donner la vie ensemble. Chaque animal nous touche \u00e0 sa mani\u00e8re : avec son \u00e2me, son regard, sa force tranquille. Tous m\u00e9ritent notre protection, nos soins et notre plus grand respect. La Fondation Franziska Sch\u00e4ren travaille exclusivement en collaboration avec des v\u00e9t\u00e9rinaires, des cliniques v\u00e9t\u00e9rinaires, des sp\u00e9cialistes de la m\u00e9decine v\u00e9t\u00e9rinaire [&hellip;]<\/p>\n","protected":false},"author":1,"featured_media":5250,"parent":0,"menu_order":0,"comment_status":"closed","ping_status":"closed","template":"","meta":{"footnotes":""},"class_list":["post-10612","page","type-page","status-publish","has-post-thumbnail","hentry"],"yoast_head":"<!-- This site is optimized with the Yoast SEO plugin v27.4 - https:\/\/yoast.com\/product\/yoast-seo-wordpress\/ -->\n<title>Fondation Franziska Schaeren \u2013 Prise en charge des frais v\u00e9t\u00e9rinaires en Suisse<\/title>\n<meta name=\"description\" content=\"La Fondation Franziska Schaeren \u00e0 Berne prend en charge les frais v\u00e9t\u00e9rinaires pour les animaux de compagnie en Suisse. Nous finan\u00e7ons les soins v\u00e9t\u00e9rinaires, diagnostics, th\u00e9rapies et aide d&#039;urgence pour les propri\u00e9taires en difficult\u00e9 financi\u00e8re. C\u0153ur. Animal. \u00c2me.\" \/>\n<meta name=\"robots\" content=\"index, follow, max-snippet:-1, max-image-preview:large, max-video-preview:-1\" \/>\n<link rel=\"canonical\" href=\"https:\/\/franziska-schaeren-schweiz.weiterdev.ch\/fr\/\" \/>\n<meta property=\"og:locale\" content=\"fr_FR\" \/>\n<meta property=\"og:type\" content=\"article\" \/>\n<meta property=\"og:title\" content=\"Fondation Franziska Schaeren \u2013 C\u0153ur. Animal. \u00c2me. Ensemble, donnons la vie.\" \/>\n<meta property=\"og:description\" content=\"Aide aux frais v\u00e9t\u00e9rinaires pour animaux de compagnie en Suisse : La Fondation Franziska Schaeren finance par prise en charge les traitements v\u00e9t\u00e9rinaires, diagnostics, th\u00e9rapies et soins d&#039;urgence. Nous soutenons les propri\u00e9taires en difficult\u00e9 financi\u00e8re \u2013 directement, simplement et de tout c\u0153ur. Informez-vous ou faites un don !\" \/>\n<meta property=\"og:url\" content=\"https:\/\/franziska-schaeren-schweiz.weiterdev.ch\/fr\/\" \/>\n<meta property=\"og:site_name\" content=\"Franziska Schaeren Schweiz\" \/>\n<meta property=\"article:modified_time\" content=\"2026-02-28T07:18:51+00:00\" \/>\n<meta property=\"og:image\" content=\"https:\/\/franziska-schaeren-schweiz.weiterdev.ch\/wp-content\/uploads\/2024\/01\/03-Main-Picture-Projekte.jpg\" \/>\n\t<meta property=\"og:image:width\" content=\"2246\" \/>\n\t<meta property=\"og:image:height\" content=\"2246\" \/>\n\t<meta property=\"og:image:type\" content=\"image\/jpeg\" \/>\n<meta name=\"twitter:card\" content=\"summary_large_image\" \/>\n<meta name=\"twitter:label1\" content=\"Dur\u00e9e de lecture estim\u00e9e\" \/>\n\t<meta name=\"twitter:data1\" content=\"2 minutes\" \/>\n<script type=\"application\/ld+json\" class=\"yoast-schema-graph\">{\"@context\":\"https:\\\/\\\/schema.org\",\"@graph\":[{\"@type\":\"WebPage\",\"@id\":\"https:\\\/\\\/franziska-schaeren-schweiz.weiterdev.ch\\\/fr\\\/\",\"url\":\"https:\\\/\\\/franziska-schaeren-schweiz.weiterdev.ch\\\/fr\\\/\",\"name\":\"Fondation Franziska Schaeren \u2013 Prise en charge des frais v\u00e9t\u00e9rinaires en Suisse\",\"isPartOf\":{\"@id\":\"https:\\\/\\\/franziska-schaeren-schweiz.weiterdev.ch\\\/#website\"},\"primaryImageOfPage\":{\"@id\":\"https:\\\/\\\/franziska-schaeren-schweiz.weiterdev.ch\\\/fr\\\/#primaryimage\"},\"image\":{\"@id\":\"https:\\\/\\\/franziska-schaeren-schweiz.weiterdev.ch\\\/fr\\\/#primaryimage\"},\"thumbnailUrl\":\"https:\\\/\\\/franziska-schaeren-schweiz.weiterdev.ch\\\/wp-content\\\/uploads\\\/2024\\\/01\\\/03-Main-Picture-Projekte.jpg\",\"datePublished\":\"2024-01-03T10:16:33+00:00\",\"dateModified\":\"2026-02-28T07:18:51+00:00\",\"description\":\"La Fondation Franziska Schaeren \u00e0 Berne prend en charge les frais v\u00e9t\u00e9rinaires pour les animaux de compagnie en Suisse. Nous finan\u00e7ons les soins v\u00e9t\u00e9rinaires, diagnostics, th\u00e9rapies et aide d'urgence pour les propri\u00e9taires en difficult\u00e9 financi\u00e8re. C\u0153ur. Animal. \u00c2me.\",\"breadcrumb\":{\"@id\":\"https:\\\/\\\/franziska-schaeren-schweiz.weiterdev.ch\\\/fr\\\/#breadcrumb\"},\"inLanguage\":\"fr-FR\",\"potentialAction\":[{\"@type\":\"ReadAction\",\"target\":[\"https:\\\/\\\/franziska-schaeren-schweiz.weiterdev.ch\\\/fr\\\/\"]}]},{\"@type\":\"ImageObject\",\"inLanguage\":\"fr-FR\",\"@id\":\"https:\\\/\\\/franziska-schaeren-schweiz.weiterdev.ch\\\/fr\\\/#primaryimage\",\"url\":\"https:\\\/\\\/franziska-schaeren-schweiz.weiterdev.ch\\\/wp-content\\\/uploads\\\/2024\\\/01\\\/03-Main-Picture-Projekte.jpg\",\"contentUrl\":\"https:\\\/\\\/franziska-schaeren-schweiz.weiterdev.ch\\\/wp-content\\\/uploads\\\/2024\\\/01\\\/03-Main-Picture-Projekte.jpg\",\"width\":2246,\"height\":2246},{\"@type\":\"BreadcrumbList\",\"@id\":\"https:\\\/\\\/franziska-schaeren-schweiz.weiterdev.ch\\\/fr\\\/#breadcrumb\",\"itemListElement\":[{\"@type\":\"ListItem\",\"position\":1,\"name\":\"Home\",\"item\":\"https:\\\/\\\/franziska-schaeren-schweiz.weiterdev.ch\\\/fr\\\/\"},{\"@type\":\"ListItem\",\"position\":2,\"name\":\"Accueil\"}]},{\"@type\":\"WebSite\",\"@id\":\"https:\\\/\\\/franziska-schaeren-schweiz.weiterdev.ch\\\/#website\",\"url\":\"https:\\\/\\\/franziska-schaeren-schweiz.weiterdev.ch\\\/\",\"name\":\"Franziska Schaeren Schweiz\",\"description\":\"Herz. Tier. Seele.\",\"publisher\":{\"@id\":\"https:\\\/\\\/franziska-schaeren-schweiz.weiterdev.ch\\\/#organization\"},\"alternateName\":\"FSS\",\"potentialAction\":[{\"@type\":\"SearchAction\",\"target\":{\"@type\":\"EntryPoint\",\"urlTemplate\":\"https:\\\/\\\/franziska-schaeren-schweiz.weiterdev.ch\\\/?s={search_term_string}\"},\"query-input\":{\"@type\":\"PropertyValueSpecification\",\"valueRequired\":true,\"valueName\":\"search_term_string\"}}],\"inLanguage\":\"fr-FR\"},{\"@type\":\"Organization\",\"@id\":\"https:\\\/\\\/franziska-schaeren-schweiz.weiterdev.ch\\\/#organization\",\"name\":\"Franziska Schaeren Stiftung\",\"url\":\"https:\\\/\\\/franziska-schaeren-schweiz.weiterdev.ch\\\/\",\"logo\":{\"@type\":\"ImageObject\",\"inLanguage\":\"fr-FR\",\"@id\":\"https:\\\/\\\/franziska-schaeren-schweiz.weiterdev.ch\\\/#\\\/schema\\\/logo\\\/image\\\/\",\"url\":\"https:\\\/\\\/franziska-schaeren-schweiz.weiterdev.ch\\\/wp-content\\\/uploads\\\/2024\\\/01\\\/20231130_schriftzug_logo_stiftung_slogan_def_paths_rgb.png\",\"contentUrl\":\"https:\\\/\\\/franziska-schaeren-schweiz.weiterdev.ch\\\/wp-content\\\/uploads\\\/2024\\\/01\\\/20231130_schriftzug_logo_stiftung_slogan_def_paths_rgb.png\",\"width\":2342,\"height\":578,\"caption\":\"Franziska Schaeren Stiftung\"},\"image\":{\"@id\":\"https:\\\/\\\/franziska-schaeren-schweiz.weiterdev.ch\\\/#\\\/schema\\\/logo\\\/image\\\/\"}}]}<\/script>\n<!-- \/ Yoast SEO plugin. -->","yoast_head_json":{"title":"Fondation Franziska Schaeren \u2013 Prise en charge des frais v\u00e9t\u00e9rinaires en Suisse","description":"La Fondation Franziska Schaeren \u00e0 Berne prend en charge les frais v\u00e9t\u00e9rinaires pour les animaux de compagnie en Suisse. Nous finan\u00e7ons les soins v\u00e9t\u00e9rinaires, diagnostics, th\u00e9rapies et aide d'urgence pour les propri\u00e9taires en difficult\u00e9 financi\u00e8re. C\u0153ur. Animal. \u00c2me.","robots":{"index":"index","follow":"follow","max-snippet":"max-snippet:-1","max-image-preview":"max-image-preview:large","max-video-preview":"max-video-preview:-1"},"canonical":"https:\/\/franziska-schaeren-schweiz.weiterdev.ch\/fr\/","og_locale":"fr_FR","og_type":"article","og_title":"Fondation Franziska Schaeren \u2013 C\u0153ur. Animal. \u00c2me. Ensemble, donnons la vie.","og_description":"Aide aux frais v\u00e9t\u00e9rinaires pour animaux de compagnie en Suisse : La Fondation Franziska Schaeren finance par prise en charge les traitements v\u00e9t\u00e9rinaires, diagnostics, th\u00e9rapies et soins d'urgence. Nous soutenons les propri\u00e9taires en difficult\u00e9 financi\u00e8re \u2013 directement, simplement et de tout c\u0153ur. Informez-vous ou faites un don !","og_url":"https:\/\/franziska-schaeren-schweiz.weiterdev.ch\/fr\/","og_site_name":"Franziska Schaeren Schweiz","article_modified_time":"2026-02-28T07:18:51+00:00","og_image":[{"width":2246,"height":2246,"url":"https:\/\/franziska-schaeren-schweiz.weiterdev.ch\/wp-content\/uploads\/2024\/01\/03-Main-Picture-Projekte.jpg","type":"image\/jpeg"}],"twitter_card":"summary_large_image","twitter_misc":{"Dur\u00e9e de lecture estim\u00e9e":"2 minutes"},"schema":{"@context":"https:\/\/schema.org","@graph":[{"@type":"WebPage","@id":"https:\/\/franziska-schaeren-schweiz.weiterdev.ch\/fr\/","url":"https:\/\/franziska-schaeren-schweiz.weiterdev.ch\/fr\/","name":"Fondation Franziska Schaeren \u2013 Prise en charge des frais v\u00e9t\u00e9rinaires en Suisse","isPartOf":{"@id":"https:\/\/franziska-schaeren-schweiz.weiterdev.ch\/#website"},"primaryImageOfPage":{"@id":"https:\/\/franziska-schaeren-schweiz.weiterdev.ch\/fr\/#primaryimage"},"image":{"@id":"https:\/\/franziska-schaeren-schweiz.weiterdev.ch\/fr\/#primaryimage"},"thumbnailUrl":"https:\/\/franziska-schaeren-schweiz.weiterdev.ch\/wp-content\/uploads\/2024\/01\/03-Main-Picture-Projekte.jpg","datePublished":"2024-01-03T10:16:33+00:00","dateModified":"2026-02-28T07:18:51+00:00","description":"La Fondation Franziska Schaeren \u00e0 Berne prend en charge les frais v\u00e9t\u00e9rinaires pour les animaux de compagnie en Suisse. Nous finan\u00e7ons les soins v\u00e9t\u00e9rinaires, diagnostics, th\u00e9rapies et aide d'urgence pour les propri\u00e9taires en difficult\u00e9 financi\u00e8re. C\u0153ur. Animal. \u00c2me.","breadcrumb":{"@id":"https:\/\/franziska-schaeren-schweiz.weiterdev.ch\/fr\/#breadcrumb"},"inLanguage":"fr-FR","potentialAction":[{"@type":"ReadAction","target":["https:\/\/franziska-schaeren-schweiz.weiterdev.ch\/fr\/"]}]},{"@type":"ImageObject","inLanguage":"fr-FR","@id":"https:\/\/franziska-schaeren-schweiz.weiterdev.ch\/fr\/#primaryimage","url":"https:\/\/franziska-schaeren-schweiz.weiterdev.ch\/wp-content\/uploads\/2024\/01\/03-Main-Picture-Projekte.jpg","contentUrl":"https:\/\/franziska-schaeren-schweiz.weiterdev.ch\/wp-content\/uploads\/2024\/01\/03-Main-Picture-Projekte.jpg","width":2246,"height":2246},{"@type":"BreadcrumbList","@id":"https:\/\/franziska-schaeren-schweiz.weiterdev.ch\/fr\/#breadcrumb","itemListElement":[{"@type":"ListItem","position":1,"name":"Home","item":"https:\/\/franziska-schaeren-schweiz.weiterdev.ch\/fr\/"},{"@type":"ListItem","position":2,"name":"Accueil"}]},{"@type":"WebSite","@id":"https:\/\/franziska-schaeren-schweiz.weiterdev.ch\/#website","url":"https:\/\/franziska-schaeren-schweiz.weiterdev.ch\/","name":"Franziska Schaeren Schweiz","description":"Herz. Tier. Seele.","publisher":{"@id":"https:\/\/franziska-schaeren-schweiz.weiterdev.ch\/#organization"},"alternateName":"FSS","potentialAction":[{"@type":"SearchAction","target":{"@type":"EntryPoint","urlTemplate":"https:\/\/franziska-schaeren-schweiz.weiterdev.ch\/?s={search_term_string}"},"query-input":{"@type":"PropertyValueSpecification","valueRequired":true,"valueName":"search_term_string"}}],"inLanguage":"fr-FR"},{"@type":"Organization","@id":"https:\/\/franziska-schaeren-schweiz.weiterdev.ch\/#organization","name":"Franziska Schaeren Stiftung","url":"https:\/\/franziska-schaeren-schweiz.weiterdev.ch\/","logo":{"@type":"ImageObject","inLanguage":"fr-FR","@id":"https:\/\/franziska-schaeren-schweiz.weiterdev.ch\/#\/schema\/logo\/image\/","url":"https:\/\/franziska-schaeren-schweiz.weiterdev.ch\/wp-content\/uploads\/2024\/01\/20231130_schriftzug_logo_stiftung_slogan_def_paths_rgb.png","contentUrl":"https:\/\/franziska-schaeren-schweiz.weiterdev.ch\/wp-content\/uploads\/2024\/01\/20231130_schriftzug_logo_stiftung_slogan_def_paths_rgb.png","width":2342,"height":578,"caption":"Franziska Schaeren Stiftung"},"image":{"@id":"https:\/\/franziska-schaeren-schweiz.weiterdev.ch\/#\/schema\/logo\/image\/"}}]}},"_links":{"self":[{"href":"https:\/\/franziska-schaeren-schweiz.weiterdev.ch\/fr\/wp-json\/wp\/v2\/pages\/10612","targetHints":{"allow":["GET"]}}],"collection":[{"href":"https:\/\/franziska-schaeren-schweiz.weiterdev.ch\/fr\/wp-json\/wp\/v2\/pages"}],"about":[{"href":"https:\/\/franziska-schaeren-schweiz.weiterdev.ch\/fr\/wp-json\/wp\/v2\/types\/page"}],"author":[{"embeddable":true,"href":"https:\/\/franziska-schaeren-schweiz.weiterdev.ch\/fr\/wp-json\/wp\/v2\/users\/1"}],"replies":[{"embeddable":true,"href":"https:\/\/franziska-schaeren-schweiz.weiterdev.ch\/fr\/wp-json\/wp\/v2\/comments?post=10612"}],"version-history":[{"count":35,"href":"https:\/\/franziska-schaeren-schweiz.weiterdev.ch\/fr\/wp-json\/wp\/v2\/pages\/10612\/revisions"}],"predecessor-version":[{"id":11736,"href":"https:\/\/franziska-schaeren-schweiz.weiterdev.ch\/fr\/wp-json\/wp\/v2\/pages\/10612\/revisions\/11736"}],"wp:featuredmedia":[{"embeddable":true,"href":"https:\/\/franziska-schaeren-schweiz.weiterdev.ch\/fr\/wp-json\/wp\/v2\/media\/5250"}],"wp:attachment":[{"href":"https:\/\/franziska-schaeren-schweiz.weiterdev.ch\/fr\/wp-json\/wp\/v2\/media?parent=10612"}],"curies":[{"name":"wp","href":"https:\/\/api.w.org\/{rel}","templated":true}]}}