{"id":10616,"date":"2025-09-26T15:10:38","date_gmt":"2025-09-26T13:10:38","guid":{"rendered":"https:\/\/franziska-schaeren-schweiz.ch\/comment-cela-fonctionne\/"},"modified":"2026-02-28T11:06:35","modified_gmt":"2026-02-28T10:06:35","slug":"comment-cela-fonctionne","status":"publish","type":"page","link":"https:\/\/franziska-schaeren-schweiz.weiterdev.ch\/fr\/comment-cela-fonctionne\/","title":{"rendered":"Comment cela fonctionne"},"content":{"rendered":"\t\t<div data-elementor-type=\"wp-page\" data-elementor-id=\"10616\" class=\"elementor elementor-10616 elementor-9723\" data-elementor-post-type=\"page\">\n\t\t\t\t<div class=\"elementor-element elementor-element-e368462 e-flex e-con-boxed e-con e-parent\" data-id=\"e368462\" data-element_type=\"container\" data-e-type=\"container\" data-settings=\"{&quot;jet_parallax_layout_list&quot;:[],&quot;_ob_use_container_extras&quot;:&quot;no&quot;,&quot;_ob_column_hoveranimator&quot;:&quot;no&quot;,&quot;_ob_glider_is_slider&quot;:&quot;no&quot;,&quot;_ob_column_has_pseudo&quot;:&quot;no&quot;}\">\n\t\t\t\t\t<div class=\"e-con-inner\">\n\t\t<div class=\"elementor-element elementor-element-f557e95 e-con-full e-flex e-con e-child\" data-id=\"f557e95\" data-element_type=\"container\" data-e-type=\"container\" data-settings=\"{&quot;jet_parallax_layout_list&quot;:[],&quot;_ob_use_container_extras&quot;:&quot;no&quot;,&quot;_ob_column_hoveranimator&quot;:&quot;no&quot;,&quot;_ob_glider_is_slider&quot;:&quot;no&quot;,&quot;_ob_column_has_pseudo&quot;:&quot;no&quot;}\">\n\t\t\t\t<div class=\"elementor-element elementor-element-55af57b ob-has-background-overlay elementor-widget elementor-widget-jet-listing-dynamic-field\" data-id=\"55af57b\" data-element_type=\"widget\" data-e-type=\"widget\" data-settings=\"{&quot;_ob_perspektive_use&quot;:&quot;no&quot;,&quot;_ob_poopart_use&quot;:&quot;yes&quot;,&quot;_ob_shadough_use&quot;:&quot;no&quot;,&quot;_ob_allow_hoveranimator&quot;:&quot;no&quot;,&quot;_ob_widget_stalker_use&quot;:&quot;no&quot;}\" data-widget_type=\"jet-listing-dynamic-field.default\">\n\t\t\t\t<div class=\"elementor-widget-container\">\n\t\t\t\t\t<div class=\"jet-listing jet-listing-dynamic-field display-inline\"><div class=\"jet-listing-dynamic-field__inline-wrap\"><h1 class=\"jet-listing-dynamic-field__content\" >Comment cela fonctionne<\/h1><\/div><\/div>\t\t\t\t<\/div>\n\t\t\t\t<\/div>\n\t\t\t\t<\/div>\n\t\t\t\t<div class=\"elementor-element elementor-element-29900d7 ob-harakiri-inherit ob-has-background-overlay elementor-widget elementor-widget-heading\" data-id=\"29900d7\" data-element_type=\"widget\" data-e-type=\"widget\" data-settings=\"{&quot;_ob_use_harakiri&quot;:&quot;yes&quot;,&quot;_ob_harakiri_writing_mode&quot;:&quot;inherit&quot;,&quot;_ob_harakiri_text_clip&quot;:&quot;none&quot;,&quot;_ob_perspektive_use&quot;:&quot;no&quot;,&quot;_ob_poopart_use&quot;:&quot;yes&quot;,&quot;_ob_shadough_use&quot;:&quot;no&quot;,&quot;_ob_allow_hoveranimator&quot;:&quot;no&quot;,&quot;_ob_widget_stalker_use&quot;:&quot;no&quot;}\" data-widget_type=\"heading.default\">\n\t\t\t\t<div class=\"elementor-widget-container\">\n\t\t\t\t\t<h2 class=\"elementor-heading-title elementor-size-default\">La bonne approche<\/h2>\t\t\t\t<\/div>\n\t\t\t\t<\/div>\n\t\t\t\t<div class=\"elementor-element elementor-element-c4ef38f ob-harakiri-inherit ob-has-background-overlay elementor-widget elementor-widget-text-editor\" data-id=\"c4ef38f\" data-element_type=\"widget\" data-e-type=\"widget\" data-settings=\"{&quot;_ob_use_harakiri&quot;:&quot;yes&quot;,&quot;_ob_harakiri_writing_mode&quot;:&quot;inherit&quot;,&quot;_ob_postman_use&quot;:&quot;no&quot;,&quot;_ob_perspektive_use&quot;:&quot;no&quot;,&quot;_ob_poopart_use&quot;:&quot;yes&quot;,&quot;_ob_shadough_use&quot;:&quot;no&quot;,&quot;_ob_allow_hoveranimator&quot;:&quot;no&quot;,&quot;_ob_widget_stalker_use&quot;:&quot;no&quot;}\" data-widget_type=\"text-editor.default\">\n\t\t\t\t<div class=\"elementor-widget-container\">\n\t\t\t\t\t\t\t\t\t<p><strong>1. demande de garantie de prise en charge des frais<\/strong><\/p><ul><li><strong>Cas planifiables :<\/strong> Par e-mail <a href=\"mailto:info@franziska-schaeren-schweiz.ch\" target=\"_blank\" rel=\"noopener\">info@franziska-schaeren-schweiz.ch<\/a>\u00a0\ud83d\udc49<span style=\"text-decoration: underline;\"><a href=\"https:\/\/franziska-schaeren-schweiz.weiterdev.ch\/fr\/demande-de-garantie-de-prise-en-charge-des-couts\/\">En savoir plus (formulaire)<\/a><\/span><\/li><li><strong>Situations d&rsquo;urgence\/exceptionnelles :<\/strong> Premier contact t\u00e9l\u00e9phonique obligatoire pour l&rsquo;\u00e9valuation du cas \u00e0 court terme. \ud83d\udc49<span style=\"text-decoration: underline;\"><a href=\"https:\/\/franziska-schaeren-schweiz.weiterdev.ch\/fr\/situation-dexception\/\">Plus d&rsquo;infos (situation exceptionnelle)<\/a><\/span><\/li><\/ul><p><strong>Contact :<\/strong><br \/>+41<a style=\"color: #e4302b;\" href=\"tel:+41762924777\"> 76 292 47 77 <\/a>\/ Angela Bertolini<\/p><p><strong>Si injoignable :<\/strong><br \/>+41<a style=\"color: #e4302b;\" href=\"tel:+41793516575\"> 79 351 65 75 <\/a>\/ Franziska Sch\u00e4ren<\/p>\t\t\t\t\t\t\t\t<\/div>\n\t\t\t\t<\/div>\n\t\t\t\t<div class=\"elementor-element elementor-element-823ec4b ob-harakiri-inherit ob-has-background-overlay elementor-widget elementor-widget-text-editor\" data-id=\"823ec4b\" data-element_type=\"widget\" data-e-type=\"widget\" data-settings=\"{&quot;_ob_use_harakiri&quot;:&quot;yes&quot;,&quot;_ob_harakiri_writing_mode&quot;:&quot;inherit&quot;,&quot;_ob_postman_use&quot;:&quot;no&quot;,&quot;_ob_perspektive_use&quot;:&quot;no&quot;,&quot;_ob_poopart_use&quot;:&quot;yes&quot;,&quot;_ob_shadough_use&quot;:&quot;no&quot;,&quot;_ob_allow_hoveranimator&quot;:&quot;no&quot;,&quot;_ob_widget_stalker_use&quot;:&quot;no&quot;}\" data-widget_type=\"text-editor.default\">\n\t\t\t\t<div class=\"elementor-widget-container\">\n\t\t\t\t\t\t\t\t\t<p><strong>Informations obligatoires :<\/strong><\/p><ul><li>D\u00e9tenteur de l&rsquo;animal<\/li><li><p>Esp\u00e8ce \/ race \/ num\u00e9ro de puce \/ nom \/ \u00e2ge \/ couleur<\/p><\/li><li>Date\/p\u00e9riode de traitement<\/li><li>Co\u00fbts de traitement d\u00e9taill\u00e9s<\/li><li>Montant de la facture<br><br><\/li><\/ul><p>Le paiement est effectu\u00e9 exclusivement au cabinet v\u00e9t\u00e9rinaire traitant ou \u00e0 l&rsquo;organisme comp\u00e9tent. Les paiements directs aux particuliers sont exclus. <\/p>\t\t\t\t\t\t\t\t<\/div>\n\t\t\t\t<\/div>\n\t\t\t\t<div class=\"elementor-element elementor-element-f6dff27 elementor-widget-divider--view-line ob-has-background-overlay elementor-widget elementor-widget-divider\" data-id=\"f6dff27\" data-element_type=\"widget\" data-e-type=\"widget\" data-settings=\"{&quot;_ob_perspektive_use&quot;:&quot;no&quot;,&quot;_ob_poopart_use&quot;:&quot;yes&quot;,&quot;_ob_shadough_use&quot;:&quot;no&quot;,&quot;_ob_allow_hoveranimator&quot;:&quot;no&quot;,&quot;_ob_widget_stalker_use&quot;:&quot;no&quot;}\" data-widget_type=\"divider.default\">\n\t\t\t\t<div class=\"elementor-widget-container\">\n\t\t\t\t\t\t\t<div class=\"elementor-divider\">\n\t\t\t<span class=\"elementor-divider-separator\">\n\t\t\t\t\t\t<\/span>\n\t\t<\/div>\n\t\t\t\t\t\t<\/div>\n\t\t\t\t<\/div>\n\t\t\t\t<div class=\"elementor-element elementor-element-61beb5b ob-harakiri-inherit ob-has-background-overlay elementor-widget elementor-widget-text-editor\" data-id=\"61beb5b\" data-element_type=\"widget\" data-e-type=\"widget\" data-settings=\"{&quot;_ob_use_harakiri&quot;:&quot;yes&quot;,&quot;_ob_harakiri_writing_mode&quot;:&quot;inherit&quot;,&quot;_ob_postman_use&quot;:&quot;no&quot;,&quot;_ob_perspektive_use&quot;:&quot;no&quot;,&quot;_ob_poopart_use&quot;:&quot;yes&quot;,&quot;_ob_shadough_use&quot;:&quot;no&quot;,&quot;_ob_allow_hoveranimator&quot;:&quot;no&quot;,&quot;_ob_widget_stalker_use&quot;:&quot;no&quot;}\" data-widget_type=\"text-editor.default\">\n\t\t\t\t<div class=\"elementor-widget-container\">\n\t\t\t\t\t\t\t\t\t<p><strong>2. la facturation<\/strong><\/p>\t\t\t\t\t\t\t\t<\/div>\n\t\t\t\t<\/div>\n\t\t\t\t<div class=\"elementor-element elementor-element-ab05e96 ob-harakiri-inherit ob-has-background-overlay elementor-widget elementor-widget-text-editor\" data-id=\"ab05e96\" data-element_type=\"widget\" data-e-type=\"widget\" data-settings=\"{&quot;_ob_use_harakiri&quot;:&quot;yes&quot;,&quot;_ob_harakiri_writing_mode&quot;:&quot;inherit&quot;,&quot;_ob_postman_use&quot;:&quot;no&quot;,&quot;_ob_perspektive_use&quot;:&quot;no&quot;,&quot;_ob_poopart_use&quot;:&quot;yes&quot;,&quot;_ob_shadough_use&quot;:&quot;no&quot;,&quot;_ob_allow_hoveranimator&quot;:&quot;no&quot;,&quot;_ob_widget_stalker_use&quot;:&quot;no&quot;}\" data-widget_type=\"text-editor.default\">\n\t\t\t\t<div class=\"elementor-widget-container\">\n\t\t\t\t\t\t\t\t\t<p><strong>Important . Etablir imp\u00e9rativement une facture (avec le nom et les coordonn\u00e9es de l&rsquo;animal trait\u00e9) au nom et \u00e0 l&rsquo;adresse de : <\/strong><\/p>\t\t\t\t\t\t\t\t<\/div>\n\t\t\t\t<\/div>\n\t\t\t\t<div class=\"elementor-element elementor-element-2481290 ob-harakiri-inherit ob-has-background-overlay elementor-widget elementor-widget-text-editor\" data-id=\"2481290\" data-element_type=\"widget\" data-e-type=\"widget\" data-settings=\"{&quot;_ob_use_harakiri&quot;:&quot;yes&quot;,&quot;_ob_harakiri_writing_mode&quot;:&quot;inherit&quot;,&quot;_ob_postman_use&quot;:&quot;no&quot;,&quot;_ob_perspektive_use&quot;:&quot;no&quot;,&quot;_ob_poopart_use&quot;:&quot;yes&quot;,&quot;_ob_shadough_use&quot;:&quot;no&quot;,&quot;_ob_allow_hoveranimator&quot;:&quot;no&quot;,&quot;_ob_widget_stalker_use&quot;:&quot;no&quot;}\" data-widget_type=\"text-editor.default\">\n\t\t\t\t<div class=\"elementor-widget-container\">\n\t\t\t\t\t\t\t\t\t<p>Fondation Franziska Sch\u00e4ren<br>Bernstrasse 69<br>CH-3018 Berne<\/p><p><a href=\"mailto:info@franziska-schaeren-schweiz.ch\" target=\"_blank\" rel=\"noopener\">info@franziska-schaeren-schweiz.ch<\/a><\/p>\t\t\t\t\t\t\t\t<\/div>\n\t\t\t\t<\/div>\n\t\t\t\t\t<\/div>\n\t\t\t\t<\/div>\n\t\t\t\t<\/div>\n\t\t","protected":false},"excerpt":{"rendered":"<p>Comment cela fonctionne La bonne approche 1. demande de garantie de prise en charge des frais Cas planifiables : Par e-mail info@franziska-schaeren-schweiz.ch\u00a0\ud83d\udc49En savoir plus (formulaire) Situations d&rsquo;urgence\/exceptionnelles : Premier contact t\u00e9l\u00e9phonique obligatoire pour l&rsquo;\u00e9valuation du cas \u00e0 court terme. \ud83d\udc49Plus d&rsquo;infos (situation exceptionnelle) Contact :+41 76 292 47 77 \/ Angela Bertolini Si injoignable :+41 [&hellip;]<\/p>\n","protected":false},"author":1,"featured_media":0,"parent":0,"menu_order":0,"comment_status":"closed","ping_status":"closed","template":"","meta":{"footnotes":""},"class_list":["post-10616","page","type-page","status-publish","hentry"],"yoast_head":"<!-- This site is optimized with the Yoast SEO plugin v27.4 - https:\/\/yoast.com\/product\/yoast-seo-wordpress\/ -->\n<title>Comment cela fonctionne \u2013 Fondation Franziska Schaeren<\/title>\n<meta name=\"description\" content=\"D\u00e9couvrez comment fonctionne la prise en charge des frais v\u00e9t\u00e9rinaires par la Fondation Franziska Schaeren. Processus de demande, crit\u00e8res et d\u00e9roulement de la garantie de prise en charge.\" \/>\n<meta name=\"robots\" content=\"index, follow, max-snippet:-1, max-image-preview:large, max-video-preview:-1\" \/>\n<link rel=\"canonical\" href=\"https:\/\/franziska-schaeren-schweiz.weiterdev.ch\/fr\/comment-cela-fonctionne\/\" \/>\n<meta property=\"og:locale\" content=\"fr_FR\" \/>\n<meta property=\"og:type\" content=\"article\" \/>\n<meta property=\"og:title\" content=\"Comment cela fonctionne \u2013 Fondation Franziska Schaeren\" \/>\n<meta property=\"og:description\" content=\"Le processus de prise en charge des frais v\u00e9t\u00e9rinaires par la Fondation Franziska Schaeren expliqu\u00e9 \u00e9tape par \u00e9tape.\" \/>\n<meta property=\"og:url\" content=\"https:\/\/franziska-schaeren-schweiz.weiterdev.ch\/fr\/comment-cela-fonctionne\/\" \/>\n<meta property=\"og:site_name\" content=\"Franziska Schaeren Schweiz\" \/>\n<meta property=\"article:modified_time\" content=\"2026-02-28T10:06:35+00:00\" \/>\n<meta property=\"og:image\" content=\"https:\/\/franziska-schaeren-schweiz.weiterdev.ch\/wp-content\/uploads\/2024\/01\/20240529_fss_schriftzug_logo_rgb.jpg\" \/>\n\t<meta property=\"og:image:width\" content=\"2336\" \/>\n\t<meta property=\"og:image:height\" content=\"577\" \/>\n\t<meta property=\"og:image:type\" content=\"image\/jpeg\" \/>\n<meta name=\"twitter:card\" content=\"summary_large_image\" \/>\n<meta name=\"twitter:label1\" content=\"Dur\u00e9e de lecture estim\u00e9e\" \/>\n\t<meta name=\"twitter:data1\" content=\"2 minutes\" \/>\n<script type=\"application\/ld+json\" class=\"yoast-schema-graph\">{\"@context\":\"https:\\\/\\\/schema.org\",\"@graph\":[{\"@type\":\"WebPage\",\"@id\":\"https:\\\/\\\/franziska-schaeren-schweiz.weiterdev.ch\\\/fr\\\/comment-cela-fonctionne\\\/\",\"url\":\"https:\\\/\\\/franziska-schaeren-schweiz.weiterdev.ch\\\/fr\\\/comment-cela-fonctionne\\\/\",\"name\":\"Comment cela fonctionne \u2013 Fondation Franziska Schaeren\",\"isPartOf\":{\"@id\":\"https:\\\/\\\/franziska-schaeren-schweiz.weiterdev.ch\\\/#website\"},\"datePublished\":\"2025-09-26T13:10:38+00:00\",\"dateModified\":\"2026-02-28T10:06:35+00:00\",\"description\":\"D\u00e9couvrez comment fonctionne la prise en charge des frais v\u00e9t\u00e9rinaires par la Fondation Franziska Schaeren. Processus de demande, crit\u00e8res et d\u00e9roulement de la garantie de prise en charge.\",\"breadcrumb\":{\"@id\":\"https:\\\/\\\/franziska-schaeren-schweiz.weiterdev.ch\\\/fr\\\/comment-cela-fonctionne\\\/#breadcrumb\"},\"inLanguage\":\"fr-FR\",\"potentialAction\":[{\"@type\":\"ReadAction\",\"target\":[\"https:\\\/\\\/franziska-schaeren-schweiz.weiterdev.ch\\\/fr\\\/comment-cela-fonctionne\\\/\"]}]},{\"@type\":\"BreadcrumbList\",\"@id\":\"https:\\\/\\\/franziska-schaeren-schweiz.weiterdev.ch\\\/fr\\\/comment-cela-fonctionne\\\/#breadcrumb\",\"itemListElement\":[{\"@type\":\"ListItem\",\"position\":1,\"name\":\"Home\",\"item\":\"https:\\\/\\\/franziska-schaeren-schweiz.weiterdev.ch\\\/fr\\\/\"},{\"@type\":\"ListItem\",\"position\":2,\"name\":\"Comment cela fonctionne\"}]},{\"@type\":\"WebSite\",\"@id\":\"https:\\\/\\\/franziska-schaeren-schweiz.weiterdev.ch\\\/#website\",\"url\":\"https:\\\/\\\/franziska-schaeren-schweiz.weiterdev.ch\\\/\",\"name\":\"Franziska Schaeren Schweiz\",\"description\":\"Herz. Tier. Seele.\",\"publisher\":{\"@id\":\"https:\\\/\\\/franziska-schaeren-schweiz.weiterdev.ch\\\/#organization\"},\"alternateName\":\"FSS\",\"potentialAction\":[{\"@type\":\"SearchAction\",\"target\":{\"@type\":\"EntryPoint\",\"urlTemplate\":\"https:\\\/\\\/franziska-schaeren-schweiz.weiterdev.ch\\\/?s={search_term_string}\"},\"query-input\":{\"@type\":\"PropertyValueSpecification\",\"valueRequired\":true,\"valueName\":\"search_term_string\"}}],\"inLanguage\":\"fr-FR\"},{\"@type\":\"Organization\",\"@id\":\"https:\\\/\\\/franziska-schaeren-schweiz.weiterdev.ch\\\/#organization\",\"name\":\"Franziska Schaeren Stiftung\",\"url\":\"https:\\\/\\\/franziska-schaeren-schweiz.weiterdev.ch\\\/\",\"logo\":{\"@type\":\"ImageObject\",\"inLanguage\":\"fr-FR\",\"@id\":\"https:\\\/\\\/franziska-schaeren-schweiz.weiterdev.ch\\\/#\\\/schema\\\/logo\\\/image\\\/\",\"url\":\"https:\\\/\\\/franziska-schaeren-schweiz.weiterdev.ch\\\/wp-content\\\/uploads\\\/2024\\\/01\\\/20231130_schriftzug_logo_stiftung_slogan_def_paths_rgb.png\",\"contentUrl\":\"https:\\\/\\\/franziska-schaeren-schweiz.weiterdev.ch\\\/wp-content\\\/uploads\\\/2024\\\/01\\\/20231130_schriftzug_logo_stiftung_slogan_def_paths_rgb.png\",\"width\":2342,\"height\":578,\"caption\":\"Franziska Schaeren Stiftung\"},\"image\":{\"@id\":\"https:\\\/\\\/franziska-schaeren-schweiz.weiterdev.ch\\\/#\\\/schema\\\/logo\\\/image\\\/\"}}]}<\/script>\n<!-- \/ Yoast SEO plugin. -->","yoast_head_json":{"title":"Comment cela fonctionne \u2013 Fondation Franziska Schaeren","description":"D\u00e9couvrez comment fonctionne la prise en charge des frais v\u00e9t\u00e9rinaires par la Fondation Franziska Schaeren. Processus de demande, crit\u00e8res et d\u00e9roulement de la garantie de prise en charge.","robots":{"index":"index","follow":"follow","max-snippet":"max-snippet:-1","max-image-preview":"max-image-preview:large","max-video-preview":"max-video-preview:-1"},"canonical":"https:\/\/franziska-schaeren-schweiz.weiterdev.ch\/fr\/comment-cela-fonctionne\/","og_locale":"fr_FR","og_type":"article","og_title":"Comment cela fonctionne \u2013 Fondation Franziska Schaeren","og_description":"Le processus de prise en charge des frais v\u00e9t\u00e9rinaires par la Fondation Franziska Schaeren expliqu\u00e9 \u00e9tape par \u00e9tape.","og_url":"https:\/\/franziska-schaeren-schweiz.weiterdev.ch\/fr\/comment-cela-fonctionne\/","og_site_name":"Franziska Schaeren Schweiz","article_modified_time":"2026-02-28T10:06:35+00:00","og_image":[{"width":2336,"height":577,"url":"https:\/\/franziska-schaeren-schweiz.weiterdev.ch\/wp-content\/uploads\/2024\/01\/20240529_fss_schriftzug_logo_rgb.jpg","type":"image\/jpeg"}],"twitter_card":"summary_large_image","twitter_misc":{"Dur\u00e9e de lecture estim\u00e9e":"2 minutes"},"schema":{"@context":"https:\/\/schema.org","@graph":[{"@type":"WebPage","@id":"https:\/\/franziska-schaeren-schweiz.weiterdev.ch\/fr\/comment-cela-fonctionne\/","url":"https:\/\/franziska-schaeren-schweiz.weiterdev.ch\/fr\/comment-cela-fonctionne\/","name":"Comment cela fonctionne \u2013 Fondation Franziska Schaeren","isPartOf":{"@id":"https:\/\/franziska-schaeren-schweiz.weiterdev.ch\/#website"},"datePublished":"2025-09-26T13:10:38+00:00","dateModified":"2026-02-28T10:06:35+00:00","description":"D\u00e9couvrez comment fonctionne la prise en charge des frais v\u00e9t\u00e9rinaires par la Fondation Franziska Schaeren. Processus de demande, crit\u00e8res et d\u00e9roulement de la garantie de prise en charge.","breadcrumb":{"@id":"https:\/\/franziska-schaeren-schweiz.weiterdev.ch\/fr\/comment-cela-fonctionne\/#breadcrumb"},"inLanguage":"fr-FR","potentialAction":[{"@type":"ReadAction","target":["https:\/\/franziska-schaeren-schweiz.weiterdev.ch\/fr\/comment-cela-fonctionne\/"]}]},{"@type":"BreadcrumbList","@id":"https:\/\/franziska-schaeren-schweiz.weiterdev.ch\/fr\/comment-cela-fonctionne\/#breadcrumb","itemListElement":[{"@type":"ListItem","position":1,"name":"Home","item":"https:\/\/franziska-schaeren-schweiz.weiterdev.ch\/fr\/"},{"@type":"ListItem","position":2,"name":"Comment cela fonctionne"}]},{"@type":"WebSite","@id":"https:\/\/franziska-schaeren-schweiz.weiterdev.ch\/#website","url":"https:\/\/franziska-schaeren-schweiz.weiterdev.ch\/","name":"Franziska Schaeren Schweiz","description":"Herz. Tier. Seele.","publisher":{"@id":"https:\/\/franziska-schaeren-schweiz.weiterdev.ch\/#organization"},"alternateName":"FSS","potentialAction":[{"@type":"SearchAction","target":{"@type":"EntryPoint","urlTemplate":"https:\/\/franziska-schaeren-schweiz.weiterdev.ch\/?s={search_term_string}"},"query-input":{"@type":"PropertyValueSpecification","valueRequired":true,"valueName":"search_term_string"}}],"inLanguage":"fr-FR"},{"@type":"Organization","@id":"https:\/\/franziska-schaeren-schweiz.weiterdev.ch\/#organization","name":"Franziska Schaeren Stiftung","url":"https:\/\/franziska-schaeren-schweiz.weiterdev.ch\/","logo":{"@type":"ImageObject","inLanguage":"fr-FR","@id":"https:\/\/franziska-schaeren-schweiz.weiterdev.ch\/#\/schema\/logo\/image\/","url":"https:\/\/franziska-schaeren-schweiz.weiterdev.ch\/wp-content\/uploads\/2024\/01\/20231130_schriftzug_logo_stiftung_slogan_def_paths_rgb.png","contentUrl":"https:\/\/franziska-schaeren-schweiz.weiterdev.ch\/wp-content\/uploads\/2024\/01\/20231130_schriftzug_logo_stiftung_slogan_def_paths_rgb.png","width":2342,"height":578,"caption":"Franziska Schaeren Stiftung"},"image":{"@id":"https:\/\/franziska-schaeren-schweiz.weiterdev.ch\/#\/schema\/logo\/image\/"}}]}},"_links":{"self":[{"href":"https:\/\/franziska-schaeren-schweiz.weiterdev.ch\/fr\/wp-json\/wp\/v2\/pages\/10616","targetHints":{"allow":["GET"]}}],"collection":[{"href":"https:\/\/franziska-schaeren-schweiz.weiterdev.ch\/fr\/wp-json\/wp\/v2\/pages"}],"about":[{"href":"https:\/\/franziska-schaeren-schweiz.weiterdev.ch\/fr\/wp-json\/wp\/v2\/types\/page"}],"author":[{"embeddable":true,"href":"https:\/\/franziska-schaeren-schweiz.weiterdev.ch\/fr\/wp-json\/wp\/v2\/users\/1"}],"replies":[{"embeddable":true,"href":"https:\/\/franziska-schaeren-schweiz.weiterdev.ch\/fr\/wp-json\/wp\/v2\/comments?post=10616"}],"version-history":[{"count":7,"href":"https:\/\/franziska-schaeren-schweiz.weiterdev.ch\/fr\/wp-json\/wp\/v2\/pages\/10616\/revisions"}],"predecessor-version":[{"id":11835,"href":"https:\/\/franziska-schaeren-schweiz.weiterdev.ch\/fr\/wp-json\/wp\/v2\/pages\/10616\/revisions\/11835"}],"wp:attachment":[{"href":"https:\/\/franziska-schaeren-schweiz.weiterdev.ch\/fr\/wp-json\/wp\/v2\/media?parent=10616"}],"curies":[{"name":"wp","href":"https:\/\/api.w.org\/{rel}","templated":true}]}}