{"id":10638,"date":"2024-01-03T14:26:17","date_gmt":"2024-01-03T13:26:17","guid":{"rendered":"https:\/\/franziska-schaeren-schweiz.ch\/services\/"},"modified":"2026-02-28T08:28:02","modified_gmt":"2026-02-28T07:28:02","slug":"services","status":"publish","type":"page","link":"https:\/\/franziska-schaeren-schweiz.weiterdev.ch\/fr\/services\/","title":{"rendered":"Services"},"content":{"rendered":"\t\t<div data-elementor-type=\"wp-page\" data-elementor-id=\"10638\" class=\"elementor elementor-10638 elementor-9550\" data-elementor-post-type=\"page\">\n\t\t\t\t<div class=\"elementor-element elementor-element-cd269fa e-flex e-con-boxed e-con e-parent\" data-id=\"cd269fa\" data-element_type=\"container\" data-e-type=\"container\" data-settings=\"{&quot;jet_parallax_layout_list&quot;:[],&quot;_ob_use_container_extras&quot;:&quot;no&quot;,&quot;_ob_column_hoveranimator&quot;:&quot;no&quot;,&quot;_ob_glider_is_slider&quot;:&quot;no&quot;,&quot;_ob_column_has_pseudo&quot;:&quot;no&quot;}\">\n\t\t\t\t\t<div class=\"e-con-inner\">\n\t\t\t\t<div class=\"elementor-element elementor-element-b4edd86 ob-has-background-overlay elementor-widget elementor-widget-jet-listing-dynamic-field\" data-id=\"b4edd86\" data-element_type=\"widget\" data-e-type=\"widget\" data-settings=\"{&quot;_ob_perspektive_use&quot;:&quot;no&quot;,&quot;_ob_poopart_use&quot;:&quot;yes&quot;,&quot;_ob_shadough_use&quot;:&quot;no&quot;,&quot;_ob_allow_hoveranimator&quot;:&quot;no&quot;,&quot;_ob_widget_stalker_use&quot;:&quot;no&quot;}\" data-widget_type=\"jet-listing-dynamic-field.default\">\n\t\t\t\t<div class=\"elementor-widget-container\">\n\t\t\t\t\t<div class=\"jet-listing jet-listing-dynamic-field display-inline\"><div class=\"jet-listing-dynamic-field__inline-wrap\"><h1 class=\"jet-listing-dynamic-field__content\" >Services<\/h1><\/div><\/div>\t\t\t\t<\/div>\n\t\t\t\t<\/div>\n\t\t\t\t\t<\/div>\n\t\t\t\t<\/div>\n\t\t<div class=\"elementor-element elementor-element-cc5f7b5 e-flex e-con-boxed e-con e-parent\" data-id=\"cc5f7b5\" data-element_type=\"container\" data-e-type=\"container\" data-settings=\"{&quot;jet_parallax_layout_list&quot;:[],&quot;_ob_use_container_extras&quot;:&quot;no&quot;,&quot;_ob_column_hoveranimator&quot;:&quot;no&quot;,&quot;_ob_glider_is_slider&quot;:&quot;no&quot;,&quot;_ob_column_has_pseudo&quot;:&quot;no&quot;}\">\n\t\t\t\t\t<div class=\"e-con-inner\">\n\t\t\t\t<div class=\"elementor-element elementor-element-5205568 ob-harakiri-inherit ob-has-background-overlay elementor-widget elementor-widget-heading\" data-id=\"5205568\" data-element_type=\"widget\" data-e-type=\"widget\" data-settings=\"{&quot;_ob_use_harakiri&quot;:&quot;yes&quot;,&quot;_ob_harakiri_writing_mode&quot;:&quot;inherit&quot;,&quot;_ob_harakiri_text_clip&quot;:&quot;none&quot;,&quot;_ob_perspektive_use&quot;:&quot;no&quot;,&quot;_ob_poopart_use&quot;:&quot;yes&quot;,&quot;_ob_shadough_use&quot;:&quot;no&quot;,&quot;_ob_allow_hoveranimator&quot;:&quot;no&quot;,&quot;_ob_widget_stalker_use&quot;:&quot;no&quot;}\" data-widget_type=\"heading.default\">\n\t\t\t\t<div class=\"elementor-widget-container\">\n\t\t\t\t\t<h2 class=\"elementor-heading-title elementor-size-default\">Comment obtenir une aide financi\u00e8re cibl\u00e9e !<\/h2>\t\t\t\t<\/div>\n\t\t\t\t<\/div>\n\t\t\t\t<div class=\"elementor-element elementor-element-353008e elementor-widget-divider--view-line ob-has-background-overlay elementor-widget elementor-widget-divider\" data-id=\"353008e\" data-element_type=\"widget\" data-e-type=\"widget\" data-settings=\"{&quot;_ob_perspektive_use&quot;:&quot;no&quot;,&quot;_ob_poopart_use&quot;:&quot;yes&quot;,&quot;_ob_shadough_use&quot;:&quot;no&quot;,&quot;_ob_allow_hoveranimator&quot;:&quot;no&quot;,&quot;_ob_widget_stalker_use&quot;:&quot;no&quot;}\" data-widget_type=\"divider.default\">\n\t\t\t\t<div class=\"elementor-widget-container\">\n\t\t\t\t\t\t\t<div class=\"elementor-divider\">\n\t\t\t<span class=\"elementor-divider-separator\">\n\t\t\t\t\t\t<\/span>\n\t\t<\/div>\n\t\t\t\t\t\t<\/div>\n\t\t\t\t<\/div>\n\t\t\t\t<div class=\"elementor-element elementor-element-f236aed ob-harakiri-inherit ob-has-background-overlay elementor-widget elementor-widget-text-editor\" data-id=\"f236aed\" data-element_type=\"widget\" data-e-type=\"widget\" data-settings=\"{&quot;_ob_use_harakiri&quot;:&quot;yes&quot;,&quot;_ob_harakiri_writing_mode&quot;:&quot;inherit&quot;,&quot;_ob_postman_use&quot;:&quot;no&quot;,&quot;_ob_perspektive_use&quot;:&quot;no&quot;,&quot;_ob_poopart_use&quot;:&quot;yes&quot;,&quot;_ob_shadough_use&quot;:&quot;no&quot;,&quot;_ob_allow_hoveranimator&quot;:&quot;no&quot;,&quot;_ob_widget_stalker_use&quot;:&quot;no&quot;}\" data-widget_type=\"text-editor.default\">\n\t\t\t\t<div class=\"elementor-widget-container\">\n\t\t\t\t\t\t\t\t\t<h4><strong>Que soutenons-nous ?<\/strong><\/h4><p>1. Soins v\u00e9t\u00e9rinaires et diagnostics<\/p><p>2. Mesures th\u00e9rapeutiques<\/p><p>3. Aides compl\u00e9mentaires <\/p><p>4. Campagnes de vaccination et de st\u00e9rilisation<\/p><p>5. Soins en institution (temporaires ou \u00e0 long terme)<\/p><p>6. Assistance en cas de catastrophe<\/p><p><span style=\"text-align: var(--text-align); font-family: var( --e-global-typography-text-font-family ), Sans-serif;\">7. <\/span><strong style=\"text-align: var(--text-align); font-family: var( --e-global-typography-text-font-family ), Sans-serif;\">Urgences et situations exceptionnelles <\/strong><span style=\"text-align: var(--text-align); font-family: var( --e-global-typography-text-font-family ), Sans-serif;\">(<\/span><span style=\"text-align: var(--text-align); font-family: var( --e-global-typography-text-font-family ), Sans-serif;\">Des r\u00e8gles distinctes s&rsquo;appliquent ici) <\/span><span style=\"font-size: var( --e-global-typography-text-font-size ); text-align: var(--text-align); font-family: var( --e-global-typography-text-font-family ), Sans-serif;\">\ud83d\udc49<\/span><span style=\"text-align: var(--text-align); font-family: var( --e-global-typography-text-font-family ), Sans-serif; text-decoration: underline;\"><strong style=\"text-align: var(--text-align); font-family: var( --e-global-typography-text-font-family ), Sans-serif; font-size: var( --e-global-typography-text-font-size );\"><a href=\"https:\/\/franziska-schaeren-schweiz.weiterdev.ch\/fr\/situation-dexception\/\">En savoir plus (situations exceptionnelles)<\/a><\/strong><\/span><\/p>\t\t\t\t\t\t\t\t<\/div>\n\t\t\t\t<\/div>\n\t\t\t\t<div class=\"elementor-element elementor-element-536582b ob-harakiri-inherit ob-has-background-overlay elementor-widget elementor-widget-text-editor\" data-id=\"536582b\" data-element_type=\"widget\" data-e-type=\"widget\" data-settings=\"{&quot;_ob_use_harakiri&quot;:&quot;yes&quot;,&quot;_ob_harakiri_writing_mode&quot;:&quot;inherit&quot;,&quot;_ob_postman_use&quot;:&quot;no&quot;,&quot;_ob_perspektive_use&quot;:&quot;no&quot;,&quot;_ob_poopart_use&quot;:&quot;yes&quot;,&quot;_ob_shadough_use&quot;:&quot;no&quot;,&quot;_ob_allow_hoveranimator&quot;:&quot;no&quot;,&quot;_ob_widget_stalker_use&quot;:&quot;no&quot;}\" data-widget_type=\"text-editor.default\">\n\t\t\t\t<div class=\"elementor-widget-container\">\n\t\t\t\t\t\t\t\t\t<h4><strong>Qui peut demander une aide financi\u00e8re (une garantie de prise en charge des frais) ?<\/strong><\/h4><ol><li>V\u00e9t\u00e9rinaires, cliniques v\u00e9t\u00e9rinaires et professionnels de la m\u00e9decine v\u00e9t\u00e9rinaire compl\u00e9mentaire<\/li><li>Organisations ayant une structure claire, par exemple les refuges pour animaux, les centres de soins, les pensions pour animaux, les organisations de protection des animaux, etc.<\/li><\/ol><p><strong style=\"text-align: var(--text-align); font-family: var( --e-global-typography-text-font-family ), Sans-serif; font-size: var( --e-global-typography-text-font-size );\"><em> <\/em><\/strong><\/p><p><strong style=\"text-align: var(--text-align); font-family: var( --e-global-typography-text-font-family ), Sans-serif; font-size: var( --e-global-typography-text-font-size );\"><em>Les demandes priv\u00e9es ne peuvent pas \u00eatre prises en compte !<\/em><\/strong><\/p>\t\t\t\t\t\t\t\t<\/div>\n\t\t\t\t<\/div>\n\t\t\t\t<div class=\"elementor-element elementor-element-c587963 elementor-widget-divider--view-line ob-has-background-overlay elementor-widget elementor-widget-divider\" data-id=\"c587963\" data-element_type=\"widget\" data-e-type=\"widget\" data-settings=\"{&quot;_ob_perspektive_use&quot;:&quot;no&quot;,&quot;_ob_poopart_use&quot;:&quot;yes&quot;,&quot;_ob_shadough_use&quot;:&quot;no&quot;,&quot;_ob_allow_hoveranimator&quot;:&quot;no&quot;,&quot;_ob_widget_stalker_use&quot;:&quot;no&quot;}\" data-widget_type=\"divider.default\">\n\t\t\t\t<div class=\"elementor-widget-container\">\n\t\t\t\t\t\t\t<div class=\"elementor-divider\">\n\t\t\t<span class=\"elementor-divider-separator\">\n\t\t\t\t\t\t<\/span>\n\t\t<\/div>\n\t\t\t\t\t\t<\/div>\n\t\t\t\t<\/div>\n\t\t\t\t<div class=\"elementor-element elementor-element-f13fecd ob-harakiri-inherit ob-has-background-overlay elementor-widget elementor-widget-text-editor\" data-id=\"f13fecd\" data-element_type=\"widget\" data-e-type=\"widget\" data-settings=\"{&quot;_ob_use_harakiri&quot;:&quot;yes&quot;,&quot;_ob_harakiri_writing_mode&quot;:&quot;inherit&quot;,&quot;_ob_postman_use&quot;:&quot;no&quot;,&quot;_ob_perspektive_use&quot;:&quot;no&quot;,&quot;_ob_poopart_use&quot;:&quot;yes&quot;,&quot;_ob_shadough_use&quot;:&quot;no&quot;,&quot;_ob_allow_hoveranimator&quot;:&quot;no&quot;,&quot;_ob_widget_stalker_use&quot;:&quot;no&quot;}\" data-widget_type=\"text-editor.default\">\n\t\t\t\t<div class=\"elementor-widget-container\">\n\t\t\t\t\t\t\t\t\t<p>\ud83d\udc49<span style=\"text-decoration: underline;\"><a href=\"https:\/\/franziska-schaeren-schweiz.weiterdev.ch\/fr\/demande-de-garantie-de-prise-en-charge-des-couts\/\">Formulaire de demande de garantie de paiement<\/a><\/span><\/p><p>Remarque importante<strong>:<\/strong> nous ne pouvons pas prendre en charge les demandes concernant des prestations d\u00e9j\u00e0 effectu\u00e9es.<\/p>\t\t\t\t\t\t\t\t<\/div>\n\t\t\t\t<\/div>\n\t\t\t\t<div class=\"elementor-element elementor-element-485fbab elementor-widget-divider--view-line ob-has-background-overlay elementor-widget elementor-widget-divider\" data-id=\"485fbab\" data-element_type=\"widget\" data-e-type=\"widget\" data-settings=\"{&quot;_ob_perspektive_use&quot;:&quot;no&quot;,&quot;_ob_poopart_use&quot;:&quot;yes&quot;,&quot;_ob_shadough_use&quot;:&quot;no&quot;,&quot;_ob_allow_hoveranimator&quot;:&quot;no&quot;,&quot;_ob_widget_stalker_use&quot;:&quot;no&quot;}\" data-widget_type=\"divider.default\">\n\t\t\t\t<div class=\"elementor-widget-container\">\n\t\t\t\t\t\t\t<div class=\"elementor-divider\">\n\t\t\t<span class=\"elementor-divider-separator\">\n\t\t\t\t\t\t<\/span>\n\t\t<\/div>\n\t\t\t\t\t\t<\/div>\n\t\t\t\t<\/div>\n\t\t\t\t<div class=\"elementor-element elementor-element-5eaf0b6 ob-harakiri-inherit ob-has-background-overlay elementor-widget elementor-widget-text-editor\" data-id=\"5eaf0b6\" data-element_type=\"widget\" data-e-type=\"widget\" data-settings=\"{&quot;_ob_use_harakiri&quot;:&quot;yes&quot;,&quot;_ob_harakiri_writing_mode&quot;:&quot;inherit&quot;,&quot;_ob_postman_use&quot;:&quot;no&quot;,&quot;_ob_perspektive_use&quot;:&quot;no&quot;,&quot;_ob_poopart_use&quot;:&quot;yes&quot;,&quot;_ob_shadough_use&quot;:&quot;no&quot;,&quot;_ob_allow_hoveranimator&quot;:&quot;no&quot;,&quot;_ob_widget_stalker_use&quot;:&quot;no&quot;}\" data-widget_type=\"text-editor.default\">\n\t\t\t\t<div class=\"elementor-widget-container\">\n\t\t\t\t\t\t\t\t\t<h4><strong>Notre responsabilit\u00e9<\/strong><\/h4><p>Chaque animal et chaque situation sont uniques. C&rsquo;est pourquoi nous examinons attentivement quel soutien est r\u00e9ellement utile, quel en est le co\u00fbt et si d&rsquo;autres acteurs prennent d\u00e9j\u00e0 en charge une partie des frais. <br><strong><br>Nous prenons nos d\u00e9cisions avec un grand respect, selon nos valeurs et nos moyens financiers &#8211; toujours pour le bien-\u00eatre des animaux.<\/strong><strong><br><\/strong>Apr\u00e8s un examen minutieux, nous vous informons du r\u00e9sultat. Il n&rsquo;existe aucun droit de recours. <\/p>\t\t\t\t\t\t\t\t<\/div>\n\t\t\t\t<\/div>\n\t\t\t\t\t<\/div>\n\t\t\t\t<\/div>\n\t\t\t\t<\/div>\n\t\t","protected":false},"excerpt":{"rendered":"<p>Services Comment obtenir une aide financi\u00e8re cibl\u00e9e ! Que soutenons-nous ? 1. Soins v\u00e9t\u00e9rinaires et diagnostics 2. Mesures th\u00e9rapeutiques 3. Aides compl\u00e9mentaires 4. Campagnes de vaccination et de st\u00e9rilisation 5. Soins en institution (temporaires ou \u00e0 long terme) 6. Assistance en cas de catastrophe 7. Urgences et situations exceptionnelles (Des r\u00e8gles distinctes s&rsquo;appliquent ici) \ud83d\udc49En [&hellip;]<\/p>\n","protected":false},"author":1,"featured_media":0,"parent":0,"menu_order":0,"comment_status":"closed","ping_status":"closed","template":"","meta":{"footnotes":""},"class_list":["post-10638","page","type-page","status-publish","hentry"],"yoast_head":"<!-- This site is optimized with the Yoast SEO plugin v27.4 - https:\/\/yoast.com\/product\/yoast-seo-wordpress\/ -->\n<title>Services \u2013 Fondation Franziska Schaeren<\/title>\n<meta name=\"description\" content=\"Nos services : La Fondation Franziska Schaeren finance les soins v\u00e9t\u00e9rinaires, diagnostics, th\u00e9rapies, campagnes de vaccination et de castration, et aide d&#039;urgence pour animaux en Suisse.\" \/>\n<meta name=\"robots\" content=\"index, follow, max-snippet:-1, max-image-preview:large, max-video-preview:-1\" \/>\n<link rel=\"canonical\" href=\"https:\/\/franziska-schaeren-schweiz.weiterdev.ch\/fr\/services\/\" \/>\n<meta property=\"og:locale\" content=\"fr_FR\" \/>\n<meta property=\"og:type\" content=\"article\" \/>\n<meta property=\"og:title\" content=\"Services \u2013 Fondation Franziska Schaeren\" \/>\n<meta property=\"og:description\" content=\"D\u00e9couvrez les services de la Fondation Franziska Schaeren : prise en charge des frais v\u00e9t\u00e9rinaires et aide aux animaux en Suisse.\" \/>\n<meta property=\"og:url\" content=\"https:\/\/franziska-schaeren-schweiz.weiterdev.ch\/fr\/services\/\" \/>\n<meta property=\"og:site_name\" content=\"Franziska Schaeren Schweiz\" \/>\n<meta property=\"article:modified_time\" content=\"2026-02-28T07:28:02+00:00\" \/>\n<meta property=\"og:image\" content=\"https:\/\/franziska-schaeren-schweiz.weiterdev.ch\/wp-content\/uploads\/2024\/01\/20240529_fss_schriftzug_logo_rgb.jpg\" \/>\n\t<meta property=\"og:image:width\" content=\"2336\" \/>\n\t<meta property=\"og:image:height\" content=\"577\" \/>\n\t<meta property=\"og:image:type\" content=\"image\/jpeg\" \/>\n<meta name=\"twitter:card\" content=\"summary_large_image\" \/>\n<meta name=\"twitter:label1\" content=\"Dur\u00e9e de lecture estim\u00e9e\" \/>\n\t<meta name=\"twitter:data1\" content=\"2 minutes\" \/>\n<script type=\"application\/ld+json\" class=\"yoast-schema-graph\">{\"@context\":\"https:\\\/\\\/schema.org\",\"@graph\":[{\"@type\":\"WebPage\",\"@id\":\"https:\\\/\\\/franziska-schaeren-schweiz.weiterdev.ch\\\/fr\\\/services\\\/\",\"url\":\"https:\\\/\\\/franziska-schaeren-schweiz.weiterdev.ch\\\/fr\\\/services\\\/\",\"name\":\"Services \u2013 Fondation Franziska Schaeren\",\"isPartOf\":{\"@id\":\"https:\\\/\\\/franziska-schaeren-schweiz.weiterdev.ch\\\/#website\"},\"datePublished\":\"2024-01-03T13:26:17+00:00\",\"dateModified\":\"2026-02-28T07:28:02+00:00\",\"description\":\"Nos services : La Fondation Franziska Schaeren finance les soins v\u00e9t\u00e9rinaires, diagnostics, th\u00e9rapies, campagnes de vaccination et de castration, et aide d'urgence pour animaux en Suisse.\",\"breadcrumb\":{\"@id\":\"https:\\\/\\\/franziska-schaeren-schweiz.weiterdev.ch\\\/fr\\\/services\\\/#breadcrumb\"},\"inLanguage\":\"fr-FR\",\"potentialAction\":[{\"@type\":\"ReadAction\",\"target\":[\"https:\\\/\\\/franziska-schaeren-schweiz.weiterdev.ch\\\/fr\\\/services\\\/\"]}]},{\"@type\":\"BreadcrumbList\",\"@id\":\"https:\\\/\\\/franziska-schaeren-schweiz.weiterdev.ch\\\/fr\\\/services\\\/#breadcrumb\",\"itemListElement\":[{\"@type\":\"ListItem\",\"position\":1,\"name\":\"Home\",\"item\":\"https:\\\/\\\/franziska-schaeren-schweiz.weiterdev.ch\\\/fr\\\/\"},{\"@type\":\"ListItem\",\"position\":2,\"name\":\"Services\"}]},{\"@type\":\"WebSite\",\"@id\":\"https:\\\/\\\/franziska-schaeren-schweiz.weiterdev.ch\\\/#website\",\"url\":\"https:\\\/\\\/franziska-schaeren-schweiz.weiterdev.ch\\\/\",\"name\":\"Franziska Schaeren Schweiz\",\"description\":\"Herz. Tier. Seele.\",\"publisher\":{\"@id\":\"https:\\\/\\\/franziska-schaeren-schweiz.weiterdev.ch\\\/#organization\"},\"alternateName\":\"FSS\",\"potentialAction\":[{\"@type\":\"SearchAction\",\"target\":{\"@type\":\"EntryPoint\",\"urlTemplate\":\"https:\\\/\\\/franziska-schaeren-schweiz.weiterdev.ch\\\/?s={search_term_string}\"},\"query-input\":{\"@type\":\"PropertyValueSpecification\",\"valueRequired\":true,\"valueName\":\"search_term_string\"}}],\"inLanguage\":\"fr-FR\"},{\"@type\":\"Organization\",\"@id\":\"https:\\\/\\\/franziska-schaeren-schweiz.weiterdev.ch\\\/#organization\",\"name\":\"Franziska Schaeren Stiftung\",\"url\":\"https:\\\/\\\/franziska-schaeren-schweiz.weiterdev.ch\\\/\",\"logo\":{\"@type\":\"ImageObject\",\"inLanguage\":\"fr-FR\",\"@id\":\"https:\\\/\\\/franziska-schaeren-schweiz.weiterdev.ch\\\/#\\\/schema\\\/logo\\\/image\\\/\",\"url\":\"https:\\\/\\\/franziska-schaeren-schweiz.weiterdev.ch\\\/wp-content\\\/uploads\\\/2024\\\/01\\\/20231130_schriftzug_logo_stiftung_slogan_def_paths_rgb.png\",\"contentUrl\":\"https:\\\/\\\/franziska-schaeren-schweiz.weiterdev.ch\\\/wp-content\\\/uploads\\\/2024\\\/01\\\/20231130_schriftzug_logo_stiftung_slogan_def_paths_rgb.png\",\"width\":2342,\"height\":578,\"caption\":\"Franziska Schaeren Stiftung\"},\"image\":{\"@id\":\"https:\\\/\\\/franziska-schaeren-schweiz.weiterdev.ch\\\/#\\\/schema\\\/logo\\\/image\\\/\"}}]}<\/script>\n<!-- \/ Yoast SEO plugin. -->","yoast_head_json":{"title":"Services \u2013 Fondation Franziska Schaeren","description":"Nos services : La Fondation Franziska Schaeren finance les soins v\u00e9t\u00e9rinaires, diagnostics, th\u00e9rapies, campagnes de vaccination et de castration, et aide d'urgence pour animaux en Suisse.","robots":{"index":"index","follow":"follow","max-snippet":"max-snippet:-1","max-image-preview":"max-image-preview:large","max-video-preview":"max-video-preview:-1"},"canonical":"https:\/\/franziska-schaeren-schweiz.weiterdev.ch\/fr\/services\/","og_locale":"fr_FR","og_type":"article","og_title":"Services \u2013 Fondation Franziska Schaeren","og_description":"D\u00e9couvrez les services de la Fondation Franziska Schaeren : prise en charge des frais v\u00e9t\u00e9rinaires et aide aux animaux en Suisse.","og_url":"https:\/\/franziska-schaeren-schweiz.weiterdev.ch\/fr\/services\/","og_site_name":"Franziska Schaeren Schweiz","article_modified_time":"2026-02-28T07:28:02+00:00","og_image":[{"width":2336,"height":577,"url":"https:\/\/franziska-schaeren-schweiz.weiterdev.ch\/wp-content\/uploads\/2024\/01\/20240529_fss_schriftzug_logo_rgb.jpg","type":"image\/jpeg"}],"twitter_card":"summary_large_image","twitter_misc":{"Dur\u00e9e de lecture estim\u00e9e":"2 minutes"},"schema":{"@context":"https:\/\/schema.org","@graph":[{"@type":"WebPage","@id":"https:\/\/franziska-schaeren-schweiz.weiterdev.ch\/fr\/services\/","url":"https:\/\/franziska-schaeren-schweiz.weiterdev.ch\/fr\/services\/","name":"Services \u2013 Fondation Franziska Schaeren","isPartOf":{"@id":"https:\/\/franziska-schaeren-schweiz.weiterdev.ch\/#website"},"datePublished":"2024-01-03T13:26:17+00:00","dateModified":"2026-02-28T07:28:02+00:00","description":"Nos services : La Fondation Franziska Schaeren finance les soins v\u00e9t\u00e9rinaires, diagnostics, th\u00e9rapies, campagnes de vaccination et de castration, et aide d'urgence pour animaux en Suisse.","breadcrumb":{"@id":"https:\/\/franziska-schaeren-schweiz.weiterdev.ch\/fr\/services\/#breadcrumb"},"inLanguage":"fr-FR","potentialAction":[{"@type":"ReadAction","target":["https:\/\/franziska-schaeren-schweiz.weiterdev.ch\/fr\/services\/"]}]},{"@type":"BreadcrumbList","@id":"https:\/\/franziska-schaeren-schweiz.weiterdev.ch\/fr\/services\/#breadcrumb","itemListElement":[{"@type":"ListItem","position":1,"name":"Home","item":"https:\/\/franziska-schaeren-schweiz.weiterdev.ch\/fr\/"},{"@type":"ListItem","position":2,"name":"Services"}]},{"@type":"WebSite","@id":"https:\/\/franziska-schaeren-schweiz.weiterdev.ch\/#website","url":"https:\/\/franziska-schaeren-schweiz.weiterdev.ch\/","name":"Franziska Schaeren Schweiz","description":"Herz. Tier. Seele.","publisher":{"@id":"https:\/\/franziska-schaeren-schweiz.weiterdev.ch\/#organization"},"alternateName":"FSS","potentialAction":[{"@type":"SearchAction","target":{"@type":"EntryPoint","urlTemplate":"https:\/\/franziska-schaeren-schweiz.weiterdev.ch\/?s={search_term_string}"},"query-input":{"@type":"PropertyValueSpecification","valueRequired":true,"valueName":"search_term_string"}}],"inLanguage":"fr-FR"},{"@type":"Organization","@id":"https:\/\/franziska-schaeren-schweiz.weiterdev.ch\/#organization","name":"Franziska Schaeren Stiftung","url":"https:\/\/franziska-schaeren-schweiz.weiterdev.ch\/","logo":{"@type":"ImageObject","inLanguage":"fr-FR","@id":"https:\/\/franziska-schaeren-schweiz.weiterdev.ch\/#\/schema\/logo\/image\/","url":"https:\/\/franziska-schaeren-schweiz.weiterdev.ch\/wp-content\/uploads\/2024\/01\/20231130_schriftzug_logo_stiftung_slogan_def_paths_rgb.png","contentUrl":"https:\/\/franziska-schaeren-schweiz.weiterdev.ch\/wp-content\/uploads\/2024\/01\/20231130_schriftzug_logo_stiftung_slogan_def_paths_rgb.png","width":2342,"height":578,"caption":"Franziska Schaeren Stiftung"},"image":{"@id":"https:\/\/franziska-schaeren-schweiz.weiterdev.ch\/#\/schema\/logo\/image\/"}}]}},"_links":{"self":[{"href":"https:\/\/franziska-schaeren-schweiz.weiterdev.ch\/fr\/wp-json\/wp\/v2\/pages\/10638","targetHints":{"allow":["GET"]}}],"collection":[{"href":"https:\/\/franziska-schaeren-schweiz.weiterdev.ch\/fr\/wp-json\/wp\/v2\/pages"}],"about":[{"href":"https:\/\/franziska-schaeren-schweiz.weiterdev.ch\/fr\/wp-json\/wp\/v2\/types\/page"}],"author":[{"embeddable":true,"href":"https:\/\/franziska-schaeren-schweiz.weiterdev.ch\/fr\/wp-json\/wp\/v2\/users\/1"}],"replies":[{"embeddable":true,"href":"https:\/\/franziska-schaeren-schweiz.weiterdev.ch\/fr\/wp-json\/wp\/v2\/comments?post=10638"}],"version-history":[{"count":6,"href":"https:\/\/franziska-schaeren-schweiz.weiterdev.ch\/fr\/wp-json\/wp\/v2\/pages\/10638\/revisions"}],"predecessor-version":[{"id":11762,"href":"https:\/\/franziska-schaeren-schweiz.weiterdev.ch\/fr\/wp-json\/wp\/v2\/pages\/10638\/revisions\/11762"}],"wp:attachment":[{"href":"https:\/\/franziska-schaeren-schweiz.weiterdev.ch\/fr\/wp-json\/wp\/v2\/media?parent=10638"}],"curies":[{"name":"wp","href":"https:\/\/api.w.org\/{rel}","templated":true}]}}