{"id":5416,"date":"2024-01-03T14:26:17","date_gmt":"2024-01-03T13:26:17","guid":{"rendered":"https:\/\/franziska-schaeren-schweiz.ch\/papillons\/"},"modified":"2026-02-28T08:32:13","modified_gmt":"2026-02-28T07:32:13","slug":"papillons","status":"publish","type":"page","link":"https:\/\/franziska-schaeren-schweiz.weiterdev.ch\/fr\/animaux-old\/papillons\/","title":{"rendered":"Papillons"},"content":{"rendered":"\t\t<div data-elementor-type=\"wp-page\" data-elementor-id=\"5416\" class=\"elementor elementor-5416 elementor-978\" data-elementor-post-type=\"page\">\n\t\t\t\t<div class=\"elementor-element elementor-element-d87d3c3 e-flex e-con-boxed e-con e-parent\" data-id=\"d87d3c3\" data-element_type=\"container\" data-e-type=\"container\" data-settings=\"{&quot;jet_parallax_layout_list&quot;:[],&quot;_ob_use_container_extras&quot;:&quot;no&quot;,&quot;_ob_column_hoveranimator&quot;:&quot;no&quot;,&quot;_ob_glider_is_slider&quot;:&quot;no&quot;,&quot;_ob_column_has_pseudo&quot;:&quot;no&quot;}\">\n\t\t\t\t\t<div class=\"e-con-inner\">\n\t\t<div class=\"elementor-element elementor-element-0f8ec21 e-flex e-con-boxed e-con e-child\" data-id=\"0f8ec21\" data-element_type=\"container\" data-e-type=\"container\" id=\"fullwidths\" data-settings=\"{&quot;jet_parallax_layout_list&quot;:[],&quot;_ob_use_container_extras&quot;:&quot;no&quot;,&quot;_ob_column_hoveranimator&quot;:&quot;no&quot;,&quot;_ob_glider_is_slider&quot;:&quot;no&quot;,&quot;_ob_column_has_pseudo&quot;:&quot;no&quot;}\">\n\t\t\t\t\t<div class=\"e-con-inner\">\n\t\t\t\t<div class=\"elementor-element elementor-element-f2df365 ob-harakiri-inherit ob-has-background-overlay elementor-widget elementor-widget-heading\" data-id=\"f2df365\" data-element_type=\"widget\" data-e-type=\"widget\" data-settings=\"{&quot;_ob_use_harakiri&quot;:&quot;yes&quot;,&quot;_ob_harakiri_writing_mode&quot;:&quot;inherit&quot;,&quot;_ob_harakiri_text_clip&quot;:&quot;none&quot;,&quot;_ob_perspektive_use&quot;:&quot;no&quot;,&quot;_ob_poopart_use&quot;:&quot;yes&quot;,&quot;_ob_shadough_use&quot;:&quot;no&quot;,&quot;_ob_allow_hoveranimator&quot;:&quot;no&quot;,&quot;_ob_widget_stalker_use&quot;:&quot;no&quot;}\" data-widget_type=\"heading.default\">\n\t\t\t\t<div class=\"elementor-widget-container\">\n\t\t\t\t\t<h2 class=\"elementor-heading-title elementor-size-default\">Papillons<\/h2>\t\t\t\t<\/div>\n\t\t\t\t<\/div>\n\t\t\t\t<div class=\"elementor-element elementor-element-c53d6c9 elementor-absolute ob-harakiri-inherit ob-has-background-overlay elementor-widget elementor-widget-heading\" data-id=\"c53d6c9\" data-element_type=\"widget\" data-e-type=\"widget\" data-settings=\"{&quot;_position&quot;:&quot;absolute&quot;,&quot;_ob_use_harakiri&quot;:&quot;yes&quot;,&quot;_ob_harakiri_writing_mode&quot;:&quot;inherit&quot;,&quot;_ob_harakiri_text_clip&quot;:&quot;none&quot;,&quot;_ob_perspektive_use&quot;:&quot;no&quot;,&quot;_ob_poopart_use&quot;:&quot;yes&quot;,&quot;_ob_shadough_use&quot;:&quot;no&quot;,&quot;_ob_allow_hoveranimator&quot;:&quot;no&quot;,&quot;_ob_widget_stalker_use&quot;:&quot;no&quot;}\" data-widget_type=\"heading.default\">\n\t\t\t\t<div class=\"elementor-widget-container\">\n\t\t\t\t\t<p class=\"elementor-heading-title elementor-size-default\"><a href=\"https:\/\/franziska-schaeren-schweiz.weiterdev.ch\/fr\/animaux-3\/\">&lt; zur\u00fcck zu den Tieren<\/a><\/p>\t\t\t\t<\/div>\n\t\t\t\t<\/div>\n\t\t\t\t\t<\/div>\n\t\t\t\t<\/div>\n\t\t\t\t\t<\/div>\n\t\t\t\t<\/div>\n\t\t<div class=\"elementor-element elementor-element-67bde3b e-flex e-con-boxed e-con e-parent\" data-id=\"67bde3b\" data-element_type=\"container\" data-e-type=\"container\" data-settings=\"{&quot;jet_parallax_layout_list&quot;:[],&quot;_ob_use_container_extras&quot;:&quot;no&quot;,&quot;_ob_column_hoveranimator&quot;:&quot;no&quot;,&quot;_ob_glider_is_slider&quot;:&quot;no&quot;,&quot;_ob_column_has_pseudo&quot;:&quot;no&quot;}\">\n\t\t\t\t\t<div class=\"e-con-inner\">\n\t\t<div class=\"elementor-element elementor-element-ea0a60c e-con-full e-flex e-con e-child\" data-id=\"ea0a60c\" data-element_type=\"container\" data-e-type=\"container\" data-settings=\"{&quot;jet_parallax_layout_list&quot;:[],&quot;_ob_use_container_extras&quot;:&quot;no&quot;,&quot;_ob_column_hoveranimator&quot;:&quot;no&quot;,&quot;_ob_glider_is_slider&quot;:&quot;no&quot;,&quot;_ob_column_has_pseudo&quot;:&quot;no&quot;}\">\n\t\t\t\t<div class=\"elementor-element elementor-element-b71e224 ob-has-background-overlay elementor-widget elementor-widget-image\" data-id=\"b71e224\" data-element_type=\"widget\" data-e-type=\"widget\" data-settings=\"{&quot;_ob_photomorph_use&quot;:&quot;no&quot;,&quot;_ob_perspektive_use&quot;:&quot;no&quot;,&quot;_ob_poopart_use&quot;:&quot;yes&quot;,&quot;_ob_shadough_use&quot;:&quot;no&quot;,&quot;_ob_allow_hoveranimator&quot;:&quot;no&quot;,&quot;_ob_widget_stalker_use&quot;:&quot;no&quot;}\" data-widget_type=\"image.default\">\n\t\t\t\t<div class=\"elementor-widget-container\">\n\t\t\t\t\t\t\t\t\t\t\t\t\t\t\t<img decoding=\"async\" src=\"https:\/\/franziska-schaeren-schweiz.weiterdev.ch\/wp-content\/uploads\/2024\/01\/02-Schmetterlinge.jpg\" title=\"\" alt=\"\" loading=\"lazy\" \/>\t\t\t\t\t\t\t\t\t\t\t\t\t\t\t<\/div>\n\t\t\t\t<\/div>\n\t\t\t\t<\/div>\n\t\t<div class=\"elementor-element elementor-element-7276b01 e-con-full e-flex e-con e-child\" data-id=\"7276b01\" data-element_type=\"container\" data-e-type=\"container\" data-settings=\"{&quot;jet_parallax_layout_list&quot;:[],&quot;_ob_use_container_extras&quot;:&quot;no&quot;,&quot;_ob_column_hoveranimator&quot;:&quot;no&quot;,&quot;_ob_glider_is_slider&quot;:&quot;no&quot;,&quot;_ob_column_has_pseudo&quot;:&quot;no&quot;}\">\n\t\t\t\t<div class=\"elementor-element elementor-element-6fb1907 ob-harakiri-inherit ob-has-background-overlay elementor-widget elementor-widget-heading\" data-id=\"6fb1907\" data-element_type=\"widget\" data-e-type=\"widget\" data-settings=\"{&quot;_ob_use_harakiri&quot;:&quot;yes&quot;,&quot;_ob_harakiri_writing_mode&quot;:&quot;inherit&quot;,&quot;_ob_harakiri_text_clip&quot;:&quot;none&quot;,&quot;_ob_perspektive_use&quot;:&quot;no&quot;,&quot;_ob_poopart_use&quot;:&quot;yes&quot;,&quot;_ob_shadough_use&quot;:&quot;no&quot;,&quot;_ob_allow_hoveranimator&quot;:&quot;no&quot;,&quot;_ob_widget_stalker_use&quot;:&quot;no&quot;}\" data-widget_type=\"heading.default\">\n\t\t\t\t<div class=\"elementor-widget-container\">\n\t\t\t\t\t<h2 class=\"elementor-heading-title elementor-size-default\">Tout le monde peut contribuer \u00e0 la biodiversit\u00e9<\/h2>\t\t\t\t<\/div>\n\t\t\t\t<\/div>\n\t\t\t\t<div class=\"elementor-element elementor-element-66dcb0e ob-harakiri-inherit ob-has-background-overlay elementor-widget elementor-widget-text-editor\" data-id=\"66dcb0e\" data-element_type=\"widget\" data-e-type=\"widget\" data-settings=\"{&quot;_ob_use_harakiri&quot;:&quot;yes&quot;,&quot;_ob_harakiri_writing_mode&quot;:&quot;inherit&quot;,&quot;_ob_postman_use&quot;:&quot;no&quot;,&quot;_ob_perspektive_use&quot;:&quot;no&quot;,&quot;_ob_poopart_use&quot;:&quot;yes&quot;,&quot;_ob_shadough_use&quot;:&quot;no&quot;,&quot;_ob_allow_hoveranimator&quot;:&quot;no&quot;,&quot;_ob_widget_stalker_use&quot;:&quot;no&quot;}\" data-widget_type=\"text-editor.default\">\n\t\t\t\t<div class=\"elementor-widget-container\">\n\t\t\t\t\t\t\t\t\t<p>L&rsquo;\u00e9levage de papillons est tr\u00e8s simple et peut \u00eatre effectu\u00e9 partout.<\/p>\n<p>Si vous disposez d&rsquo;un balcon, d&rsquo;une terrasse ou d&rsquo;un jardin, vous pouvez vous y mettre d\u00e8s le printemps.<\/p>\n<p>Dans les chapitres suivants, je vous expliquerai comment proc\u00e9der.<\/p>\n<p>C&rsquo;est une fa\u00e7on de faire d\u00e9couvrir la nature et ses merveilles aux enfants.<\/p>\n<p>C&rsquo;est avec plaisir que je partage mes connaissances.<\/p>\t\t\t\t\t\t\t\t<\/div>\n\t\t\t\t<\/div>\n\t\t\t\t<\/div>\n\t\t\t\t\t<\/div>\n\t\t\t\t<\/div>\n\t\t\t\t<\/div>\n\t\t","protected":false},"excerpt":{"rendered":"<p>Papillons &lt; zur\u00fcck zu den Tieren Tout le monde peut contribuer \u00e0 la biodiversit\u00e9 L&rsquo;\u00e9levage de papillons est tr\u00e8s simple et peut \u00eatre effectu\u00e9 partout. Si vous disposez d&rsquo;un balcon, d&rsquo;une terrasse ou d&rsquo;un jardin, vous pouvez vous y mettre d\u00e8s le printemps. Dans les chapitres suivants, je vous expliquerai comment proc\u00e9der. C&rsquo;est une fa\u00e7on [&hellip;]<\/p>\n","protected":false},"author":1,"featured_media":0,"parent":5428,"menu_order":0,"comment_status":"closed","ping_status":"closed","template":"","meta":{"footnotes":""},"class_list":["post-5416","page","type-page","status-publish","hentry"],"yoast_head":"<!-- This site is optimized with the Yoast SEO plugin v27.4 - https:\/\/yoast.com\/product\/yoast-seo-wordpress\/ -->\n<title>Papillons \u2013 Prise en charge frais v\u00e9t\u00e9rinaires pour papillons | Fondation Franziska Schaeren<\/title>\n<meta name=\"description\" content=\"La Fondation Franziska Schaeren soutient les propri\u00e9taires de papillons en Suisse avec une prise en charge des frais v\u00e9t\u00e9rinaires. Aide financi\u00e8re pour soins et traitements.\" \/>\n<meta name=\"robots\" content=\"index, follow, max-snippet:-1, max-image-preview:large, max-video-preview:-1\" \/>\n<link rel=\"canonical\" href=\"https:\/\/franziska-schaeren-schweiz.weiterdev.ch\/fr\/animaux-old\/papillons\/\" \/>\n<meta property=\"og:locale\" content=\"fr_FR\" \/>\n<meta property=\"og:type\" content=\"article\" \/>\n<meta property=\"og:title\" content=\"Aide aux frais v\u00e9t\u00e9rinaires pour papillons \u2013 Fondation Franziska Schaeren\" \/>\n<meta property=\"og:description\" content=\"Votre papillon a besoin de soins v\u00e9t\u00e9rinaires ? La Fondation Franziska Schaeren finance les traitements pour papillons en Suisse. Demandez une prise en charge.\" \/>\n<meta property=\"og:url\" content=\"https:\/\/franziska-schaeren-schweiz.weiterdev.ch\/fr\/animaux-old\/papillons\/\" \/>\n<meta property=\"og:site_name\" content=\"Franziska Schaeren Schweiz\" \/>\n<meta property=\"article:modified_time\" content=\"2026-02-28T07:32:13+00:00\" \/>\n<meta property=\"og:image\" content=\"https:\/\/franziska-schaeren-schweiz.weiterdev.ch\/wp-content\/uploads\/2024\/01\/02-Schmetterlinge.jpg\" \/>\n<meta name=\"twitter:card\" content=\"summary_large_image\" \/>\n<meta name=\"twitter:label1\" content=\"Dur\u00e9e de lecture estim\u00e9e\" \/>\n\t<meta name=\"twitter:data1\" content=\"1 minute\" \/>\n<script type=\"application\/ld+json\" class=\"yoast-schema-graph\">{\"@context\":\"https:\\\/\\\/schema.org\",\"@graph\":[{\"@type\":\"WebPage\",\"@id\":\"https:\\\/\\\/franziska-schaeren-schweiz.weiterdev.ch\\\/fr\\\/animaux-old\\\/papillons\\\/\",\"url\":\"https:\\\/\\\/franziska-schaeren-schweiz.weiterdev.ch\\\/fr\\\/animaux-old\\\/papillons\\\/\",\"name\":\"Papillons \u2013 Prise en charge frais v\u00e9t\u00e9rinaires pour papillons | Fondation Franziska Schaeren\",\"isPartOf\":{\"@id\":\"https:\\\/\\\/franziska-schaeren-schweiz.weiterdev.ch\\\/#website\"},\"primaryImageOfPage\":{\"@id\":\"https:\\\/\\\/franziska-schaeren-schweiz.weiterdev.ch\\\/fr\\\/animaux-old\\\/papillons\\\/#primaryimage\"},\"image\":{\"@id\":\"https:\\\/\\\/franziska-schaeren-schweiz.weiterdev.ch\\\/fr\\\/animaux-old\\\/papillons\\\/#primaryimage\"},\"thumbnailUrl\":\"https:\\\/\\\/franziska-schaeren-schweiz.weiterdev.ch\\\/wp-content\\\/uploads\\\/2024\\\/01\\\/02-Schmetterlinge.jpg\",\"datePublished\":\"2024-01-03T13:26:17+00:00\",\"dateModified\":\"2026-02-28T07:32:13+00:00\",\"description\":\"La Fondation Franziska Schaeren soutient les propri\u00e9taires de papillons en Suisse avec une prise en charge des frais v\u00e9t\u00e9rinaires. Aide financi\u00e8re pour soins et traitements.\",\"breadcrumb\":{\"@id\":\"https:\\\/\\\/franziska-schaeren-schweiz.weiterdev.ch\\\/fr\\\/animaux-old\\\/papillons\\\/#breadcrumb\"},\"inLanguage\":\"fr-FR\",\"potentialAction\":[{\"@type\":\"ReadAction\",\"target\":[\"https:\\\/\\\/franziska-schaeren-schweiz.weiterdev.ch\\\/fr\\\/animaux-old\\\/papillons\\\/\"]}]},{\"@type\":\"ImageObject\",\"inLanguage\":\"fr-FR\",\"@id\":\"https:\\\/\\\/franziska-schaeren-schweiz.weiterdev.ch\\\/fr\\\/animaux-old\\\/papillons\\\/#primaryimage\",\"url\":\"https:\\\/\\\/franziska-schaeren-schweiz.weiterdev.ch\\\/wp-content\\\/uploads\\\/2024\\\/01\\\/02-Schmetterlinge.jpg\",\"contentUrl\":\"https:\\\/\\\/franziska-schaeren-schweiz.weiterdev.ch\\\/wp-content\\\/uploads\\\/2024\\\/01\\\/02-Schmetterlinge.jpg\"},{\"@type\":\"BreadcrumbList\",\"@id\":\"https:\\\/\\\/franziska-schaeren-schweiz.weiterdev.ch\\\/fr\\\/animaux-old\\\/papillons\\\/#breadcrumb\",\"itemListElement\":[{\"@type\":\"ListItem\",\"position\":1,\"name\":\"Home\",\"item\":\"https:\\\/\\\/franziska-schaeren-schweiz.weiterdev.ch\\\/fr\\\/\"},{\"@type\":\"ListItem\",\"position\":2,\"name\":\"Id\u00e9e directrice New\",\"item\":\"https:\\\/\\\/franziska-schaeren-schweiz.weiterdev.ch\\\/fr\\\/animaux-old\\\/\"},{\"@type\":\"ListItem\",\"position\":3,\"name\":\"Papillons\"}]},{\"@type\":\"WebSite\",\"@id\":\"https:\\\/\\\/franziska-schaeren-schweiz.weiterdev.ch\\\/#website\",\"url\":\"https:\\\/\\\/franziska-schaeren-schweiz.weiterdev.ch\\\/\",\"name\":\"Franziska Schaeren Schweiz\",\"description\":\"Herz. Tier. Seele.\",\"publisher\":{\"@id\":\"https:\\\/\\\/franziska-schaeren-schweiz.weiterdev.ch\\\/#organization\"},\"alternateName\":\"FSS\",\"potentialAction\":[{\"@type\":\"SearchAction\",\"target\":{\"@type\":\"EntryPoint\",\"urlTemplate\":\"https:\\\/\\\/franziska-schaeren-schweiz.weiterdev.ch\\\/?s={search_term_string}\"},\"query-input\":{\"@type\":\"PropertyValueSpecification\",\"valueRequired\":true,\"valueName\":\"search_term_string\"}}],\"inLanguage\":\"fr-FR\"},{\"@type\":\"Organization\",\"@id\":\"https:\\\/\\\/franziska-schaeren-schweiz.weiterdev.ch\\\/#organization\",\"name\":\"Franziska Schaeren Stiftung\",\"url\":\"https:\\\/\\\/franziska-schaeren-schweiz.weiterdev.ch\\\/\",\"logo\":{\"@type\":\"ImageObject\",\"inLanguage\":\"fr-FR\",\"@id\":\"https:\\\/\\\/franziska-schaeren-schweiz.weiterdev.ch\\\/#\\\/schema\\\/logo\\\/image\\\/\",\"url\":\"https:\\\/\\\/franziska-schaeren-schweiz.weiterdev.ch\\\/wp-content\\\/uploads\\\/2024\\\/01\\\/20231130_schriftzug_logo_stiftung_slogan_def_paths_rgb.png\",\"contentUrl\":\"https:\\\/\\\/franziska-schaeren-schweiz.weiterdev.ch\\\/wp-content\\\/uploads\\\/2024\\\/01\\\/20231130_schriftzug_logo_stiftung_slogan_def_paths_rgb.png\",\"width\":2342,\"height\":578,\"caption\":\"Franziska Schaeren Stiftung\"},\"image\":{\"@id\":\"https:\\\/\\\/franziska-schaeren-schweiz.weiterdev.ch\\\/#\\\/schema\\\/logo\\\/image\\\/\"}}]}<\/script>\n<!-- \/ Yoast SEO plugin. -->","yoast_head_json":{"title":"Papillons \u2013 Prise en charge frais v\u00e9t\u00e9rinaires pour papillons | Fondation Franziska Schaeren","description":"La Fondation Franziska Schaeren soutient les propri\u00e9taires de papillons en Suisse avec une prise en charge des frais v\u00e9t\u00e9rinaires. Aide financi\u00e8re pour soins et traitements.","robots":{"index":"index","follow":"follow","max-snippet":"max-snippet:-1","max-image-preview":"max-image-preview:large","max-video-preview":"max-video-preview:-1"},"canonical":"https:\/\/franziska-schaeren-schweiz.weiterdev.ch\/fr\/animaux-old\/papillons\/","og_locale":"fr_FR","og_type":"article","og_title":"Aide aux frais v\u00e9t\u00e9rinaires pour papillons \u2013 Fondation Franziska Schaeren","og_description":"Votre papillon a besoin de soins v\u00e9t\u00e9rinaires ? La Fondation Franziska Schaeren finance les traitements pour papillons en Suisse. Demandez une prise en charge.","og_url":"https:\/\/franziska-schaeren-schweiz.weiterdev.ch\/fr\/animaux-old\/papillons\/","og_site_name":"Franziska Schaeren Schweiz","article_modified_time":"2026-02-28T07:32:13+00:00","og_image":[{"url":"https:\/\/franziska-schaeren-schweiz.weiterdev.ch\/wp-content\/uploads\/2024\/01\/02-Schmetterlinge.jpg","type":"","width":"","height":""}],"twitter_card":"summary_large_image","twitter_misc":{"Dur\u00e9e de lecture estim\u00e9e":"1 minute"},"schema":{"@context":"https:\/\/schema.org","@graph":[{"@type":"WebPage","@id":"https:\/\/franziska-schaeren-schweiz.weiterdev.ch\/fr\/animaux-old\/papillons\/","url":"https:\/\/franziska-schaeren-schweiz.weiterdev.ch\/fr\/animaux-old\/papillons\/","name":"Papillons \u2013 Prise en charge frais v\u00e9t\u00e9rinaires pour papillons | Fondation Franziska Schaeren","isPartOf":{"@id":"https:\/\/franziska-schaeren-schweiz.weiterdev.ch\/#website"},"primaryImageOfPage":{"@id":"https:\/\/franziska-schaeren-schweiz.weiterdev.ch\/fr\/animaux-old\/papillons\/#primaryimage"},"image":{"@id":"https:\/\/franziska-schaeren-schweiz.weiterdev.ch\/fr\/animaux-old\/papillons\/#primaryimage"},"thumbnailUrl":"https:\/\/franziska-schaeren-schweiz.weiterdev.ch\/wp-content\/uploads\/2024\/01\/02-Schmetterlinge.jpg","datePublished":"2024-01-03T13:26:17+00:00","dateModified":"2026-02-28T07:32:13+00:00","description":"La Fondation Franziska Schaeren soutient les propri\u00e9taires de papillons en Suisse avec une prise en charge des frais v\u00e9t\u00e9rinaires. Aide financi\u00e8re pour soins et traitements.","breadcrumb":{"@id":"https:\/\/franziska-schaeren-schweiz.weiterdev.ch\/fr\/animaux-old\/papillons\/#breadcrumb"},"inLanguage":"fr-FR","potentialAction":[{"@type":"ReadAction","target":["https:\/\/franziska-schaeren-schweiz.weiterdev.ch\/fr\/animaux-old\/papillons\/"]}]},{"@type":"ImageObject","inLanguage":"fr-FR","@id":"https:\/\/franziska-schaeren-schweiz.weiterdev.ch\/fr\/animaux-old\/papillons\/#primaryimage","url":"https:\/\/franziska-schaeren-schweiz.weiterdev.ch\/wp-content\/uploads\/2024\/01\/02-Schmetterlinge.jpg","contentUrl":"https:\/\/franziska-schaeren-schweiz.weiterdev.ch\/wp-content\/uploads\/2024\/01\/02-Schmetterlinge.jpg"},{"@type":"BreadcrumbList","@id":"https:\/\/franziska-schaeren-schweiz.weiterdev.ch\/fr\/animaux-old\/papillons\/#breadcrumb","itemListElement":[{"@type":"ListItem","position":1,"name":"Home","item":"https:\/\/franziska-schaeren-schweiz.weiterdev.ch\/fr\/"},{"@type":"ListItem","position":2,"name":"Id\u00e9e directrice New","item":"https:\/\/franziska-schaeren-schweiz.weiterdev.ch\/fr\/animaux-old\/"},{"@type":"ListItem","position":3,"name":"Papillons"}]},{"@type":"WebSite","@id":"https:\/\/franziska-schaeren-schweiz.weiterdev.ch\/#website","url":"https:\/\/franziska-schaeren-schweiz.weiterdev.ch\/","name":"Franziska Schaeren Schweiz","description":"Herz. Tier. Seele.","publisher":{"@id":"https:\/\/franziska-schaeren-schweiz.weiterdev.ch\/#organization"},"alternateName":"FSS","potentialAction":[{"@type":"SearchAction","target":{"@type":"EntryPoint","urlTemplate":"https:\/\/franziska-schaeren-schweiz.weiterdev.ch\/?s={search_term_string}"},"query-input":{"@type":"PropertyValueSpecification","valueRequired":true,"valueName":"search_term_string"}}],"inLanguage":"fr-FR"},{"@type":"Organization","@id":"https:\/\/franziska-schaeren-schweiz.weiterdev.ch\/#organization","name":"Franziska Schaeren Stiftung","url":"https:\/\/franziska-schaeren-schweiz.weiterdev.ch\/","logo":{"@type":"ImageObject","inLanguage":"fr-FR","@id":"https:\/\/franziska-schaeren-schweiz.weiterdev.ch\/#\/schema\/logo\/image\/","url":"https:\/\/franziska-schaeren-schweiz.weiterdev.ch\/wp-content\/uploads\/2024\/01\/20231130_schriftzug_logo_stiftung_slogan_def_paths_rgb.png","contentUrl":"https:\/\/franziska-schaeren-schweiz.weiterdev.ch\/wp-content\/uploads\/2024\/01\/20231130_schriftzug_logo_stiftung_slogan_def_paths_rgb.png","width":2342,"height":578,"caption":"Franziska Schaeren Stiftung"},"image":{"@id":"https:\/\/franziska-schaeren-schweiz.weiterdev.ch\/#\/schema\/logo\/image\/"}}]}},"_links":{"self":[{"href":"https:\/\/franziska-schaeren-schweiz.weiterdev.ch\/fr\/wp-json\/wp\/v2\/pages\/5416","targetHints":{"allow":["GET"]}}],"collection":[{"href":"https:\/\/franziska-schaeren-schweiz.weiterdev.ch\/fr\/wp-json\/wp\/v2\/pages"}],"about":[{"href":"https:\/\/franziska-schaeren-schweiz.weiterdev.ch\/fr\/wp-json\/wp\/v2\/types\/page"}],"author":[{"embeddable":true,"href":"https:\/\/franziska-schaeren-schweiz.weiterdev.ch\/fr\/wp-json\/wp\/v2\/users\/1"}],"replies":[{"embeddable":true,"href":"https:\/\/franziska-schaeren-schweiz.weiterdev.ch\/fr\/wp-json\/wp\/v2\/comments?post=5416"}],"version-history":[{"count":3,"href":"https:\/\/franziska-schaeren-schweiz.weiterdev.ch\/fr\/wp-json\/wp\/v2\/pages\/5416\/revisions"}],"predecessor-version":[{"id":11773,"href":"https:\/\/franziska-schaeren-schweiz.weiterdev.ch\/fr\/wp-json\/wp\/v2\/pages\/5416\/revisions\/11773"}],"up":[{"embeddable":true,"href":"https:\/\/franziska-schaeren-schweiz.weiterdev.ch\/fr\/wp-json\/wp\/v2\/pages\/5428"}],"wp:attachment":[{"href":"https:\/\/franziska-schaeren-schweiz.weiterdev.ch\/fr\/wp-json\/wp\/v2\/media?parent=5416"}],"curies":[{"name":"wp","href":"https:\/\/api.w.org\/{rel}","templated":true}]}}