{"id":5433,"date":"2024-01-03T14:26:17","date_gmt":"2024-01-03T13:26:17","guid":{"rendered":"https:\/\/franziska-schaeren-schweiz.ch\/animaux\/chats\/"},"modified":"2026-02-28T08:31:08","modified_gmt":"2026-02-28T07:31:08","slug":"chats","status":"publish","type":"page","link":"https:\/\/franziska-schaeren-schweiz.weiterdev.ch\/fr\/animaux-old\/chats\/","title":{"rendered":"Chats"},"content":{"rendered":"\t\t<div data-elementor-type=\"wp-page\" data-elementor-id=\"5433\" class=\"elementor elementor-5433 elementor-150\" data-elementor-post-type=\"page\">\n\t\t\t\t<div class=\"elementor-element elementor-element-d87d3c3 e-flex e-con-boxed e-con e-parent\" data-id=\"d87d3c3\" data-element_type=\"container\" data-e-type=\"container\" data-settings=\"{&quot;jet_parallax_layout_list&quot;:[],&quot;_ob_use_container_extras&quot;:&quot;no&quot;,&quot;_ob_column_hoveranimator&quot;:&quot;no&quot;,&quot;_ob_glider_is_slider&quot;:&quot;no&quot;,&quot;_ob_column_has_pseudo&quot;:&quot;no&quot;}\">\n\t\t\t\t\t<div class=\"e-con-inner\">\n\t\t<div class=\"elementor-element elementor-element-95eb594 e-flex e-con-boxed e-con e-child\" data-id=\"95eb594\" data-element_type=\"container\" data-e-type=\"container\" id=\"fullwidths\" data-settings=\"{&quot;jet_parallax_layout_list&quot;:[],&quot;_ob_use_container_extras&quot;:&quot;no&quot;,&quot;_ob_column_hoveranimator&quot;:&quot;no&quot;,&quot;_ob_glider_is_slider&quot;:&quot;no&quot;,&quot;_ob_column_has_pseudo&quot;:&quot;no&quot;}\">\n\t\t\t\t\t<div class=\"e-con-inner\">\n\t\t\t\t<div class=\"elementor-element elementor-element-f2df365 ob-harakiri-inherit ob-has-background-overlay elementor-widget elementor-widget-heading\" data-id=\"f2df365\" data-element_type=\"widget\" data-e-type=\"widget\" data-settings=\"{&quot;_ob_use_harakiri&quot;:&quot;yes&quot;,&quot;_ob_harakiri_writing_mode&quot;:&quot;inherit&quot;,&quot;_ob_harakiri_text_clip&quot;:&quot;none&quot;,&quot;_ob_perspektive_use&quot;:&quot;no&quot;,&quot;_ob_poopart_use&quot;:&quot;yes&quot;,&quot;_ob_shadough_use&quot;:&quot;no&quot;,&quot;_ob_allow_hoveranimator&quot;:&quot;no&quot;,&quot;_ob_widget_stalker_use&quot;:&quot;no&quot;}\" data-widget_type=\"heading.default\">\n\t\t\t\t<div class=\"elementor-widget-container\">\n\t\t\t\t\t<h2 class=\"elementor-heading-title elementor-size-default\">Chats<\/h2>\t\t\t\t<\/div>\n\t\t\t\t<\/div>\n\t\t\t\t<div class=\"elementor-element elementor-element-40324f7 elementor-absolute ob-harakiri-inherit ob-has-background-overlay elementor-widget elementor-widget-heading\" data-id=\"40324f7\" data-element_type=\"widget\" data-e-type=\"widget\" data-settings=\"{&quot;_position&quot;:&quot;absolute&quot;,&quot;_ob_use_harakiri&quot;:&quot;yes&quot;,&quot;_ob_harakiri_writing_mode&quot;:&quot;inherit&quot;,&quot;_ob_harakiri_text_clip&quot;:&quot;none&quot;,&quot;_ob_perspektive_use&quot;:&quot;no&quot;,&quot;_ob_poopart_use&quot;:&quot;yes&quot;,&quot;_ob_shadough_use&quot;:&quot;no&quot;,&quot;_ob_allow_hoveranimator&quot;:&quot;no&quot;,&quot;_ob_widget_stalker_use&quot;:&quot;no&quot;}\" data-widget_type=\"heading.default\">\n\t\t\t\t<div class=\"elementor-widget-container\">\n\t\t\t\t\t<p class=\"elementor-heading-title elementor-size-default\"><a href=\"https:\/\/franziska-schaeren-schweiz.weiterdev.ch\/fr\/animaux-3\/\">&lt; zur\u00fcck zu den Tieren<\/a><\/p>\t\t\t\t<\/div>\n\t\t\t\t<\/div>\n\t\t\t\t\t<\/div>\n\t\t\t\t<\/div>\n\t\t\t\t\t<\/div>\n\t\t\t\t<\/div>\n\t\t<div class=\"elementor-element elementor-element-67bde3b e-flex e-con-boxed e-con e-parent\" data-id=\"67bde3b\" data-element_type=\"container\" data-e-type=\"container\" data-settings=\"{&quot;jet_parallax_layout_list&quot;:[],&quot;_ob_use_container_extras&quot;:&quot;no&quot;,&quot;_ob_column_hoveranimator&quot;:&quot;no&quot;,&quot;_ob_glider_is_slider&quot;:&quot;no&quot;,&quot;_ob_column_has_pseudo&quot;:&quot;no&quot;}\">\n\t\t\t\t\t<div class=\"e-con-inner\">\n\t\t<div class=\"elementor-element elementor-element-ea0a60c e-con-full e-flex e-con e-child\" data-id=\"ea0a60c\" data-element_type=\"container\" data-e-type=\"container\" data-settings=\"{&quot;jet_parallax_layout_list&quot;:[],&quot;_ob_use_container_extras&quot;:&quot;no&quot;,&quot;_ob_column_hoveranimator&quot;:&quot;no&quot;,&quot;_ob_glider_is_slider&quot;:&quot;no&quot;,&quot;_ob_column_has_pseudo&quot;:&quot;no&quot;}\">\n\t\t\t\t<div class=\"elementor-element elementor-element-b71e224 ob-has-background-overlay elementor-widget elementor-widget-image\" data-id=\"b71e224\" data-element_type=\"widget\" data-e-type=\"widget\" data-settings=\"{&quot;_ob_photomorph_use&quot;:&quot;no&quot;,&quot;_ob_perspektive_use&quot;:&quot;no&quot;,&quot;_ob_poopart_use&quot;:&quot;yes&quot;,&quot;_ob_shadough_use&quot;:&quot;no&quot;,&quot;_ob_allow_hoveranimator&quot;:&quot;no&quot;,&quot;_ob_widget_stalker_use&quot;:&quot;no&quot;}\" data-widget_type=\"image.default\">\n\t\t\t\t<div class=\"elementor-widget-container\">\n\t\t\t\t\t\t\t\t\t\t\t\t\t\t\t<img decoding=\"async\" src=\"https:\/\/franziska-schaeren-schweiz.weiterdev.ch\/wp-content\/uploads\/2024\/06\/katzen-1.jpg\" title=\"\" alt=\"\" loading=\"lazy\" \/>\t\t\t\t\t\t\t\t\t\t\t\t\t\t\t<\/div>\n\t\t\t\t<\/div>\n\t\t\t\t<\/div>\n\t\t<div class=\"elementor-element elementor-element-7276b01 e-con-full e-flex e-con e-child\" data-id=\"7276b01\" data-element_type=\"container\" data-e-type=\"container\" data-settings=\"{&quot;jet_parallax_layout_list&quot;:[],&quot;_ob_use_container_extras&quot;:&quot;no&quot;,&quot;_ob_column_hoveranimator&quot;:&quot;no&quot;,&quot;_ob_glider_is_slider&quot;:&quot;no&quot;,&quot;_ob_column_has_pseudo&quot;:&quot;no&quot;}\">\n\t\t\t\t<div class=\"elementor-element elementor-element-6fb1907 ob-harakiri-inherit ob-has-background-overlay elementor-widget elementor-widget-heading\" data-id=\"6fb1907\" data-element_type=\"widget\" data-e-type=\"widget\" data-settings=\"{&quot;_ob_use_harakiri&quot;:&quot;yes&quot;,&quot;_ob_harakiri_writing_mode&quot;:&quot;inherit&quot;,&quot;_ob_harakiri_text_clip&quot;:&quot;none&quot;,&quot;_ob_perspektive_use&quot;:&quot;no&quot;,&quot;_ob_poopart_use&quot;:&quot;yes&quot;,&quot;_ob_shadough_use&quot;:&quot;no&quot;,&quot;_ob_allow_hoveranimator&quot;:&quot;no&quot;,&quot;_ob_widget_stalker_use&quot;:&quot;no&quot;}\" data-widget_type=\"heading.default\">\n\t\t\t\t<div class=\"elementor-widget-container\">\n\t\t\t\t\t<h2 class=\"elementor-heading-title elementor-size-default\">Chats errants, vivant dans un refuge, chez des particuliers ou dans une organisation<\/h2>\t\t\t\t<\/div>\n\t\t\t\t<\/div>\n\t\t\t\t<div class=\"elementor-element elementor-element-66dcb0e ob-harakiri-inherit ob-has-background-overlay elementor-widget elementor-widget-text-editor\" data-id=\"66dcb0e\" data-element_type=\"widget\" data-e-type=\"widget\" data-settings=\"{&quot;_ob_use_harakiri&quot;:&quot;yes&quot;,&quot;_ob_harakiri_writing_mode&quot;:&quot;inherit&quot;,&quot;_ob_postman_use&quot;:&quot;no&quot;,&quot;_ob_perspektive_use&quot;:&quot;no&quot;,&quot;_ob_poopart_use&quot;:&quot;yes&quot;,&quot;_ob_shadough_use&quot;:&quot;no&quot;,&quot;_ob_allow_hoveranimator&quot;:&quot;no&quot;,&quot;_ob_widget_stalker_use&quot;:&quot;no&quot;}\" data-widget_type=\"text-editor.default\">\n\t\t\t\t<div class=\"elementor-widget-container\">\n\t\t\t\t\t\t\t\t\t<p><strong>Part des contributions aux frais pour :<\/strong><\/p><ul><li>la castration et la v\u00e9rification de l&rsquo;\u00e9tat g\u00e9n\u00e9ral (nettoyage des dents, interventions m\u00e9dicales mineures)<\/li><li>Interventions en accord avec le v\u00e9t\u00e9rinaire<\/li><li>Une demande est accept\u00e9e si les frais ne sont pas pris en charge par les pouvoirs publics ou par des tiers.<\/li><\/ul>\t\t\t\t\t\t\t\t<\/div>\n\t\t\t\t<\/div>\n\t\t\t\t<\/div>\n\t\t\t\t\t<\/div>\n\t\t\t\t<\/div>\n\t\t\t\t<\/div>\n\t\t","protected":false},"excerpt":{"rendered":"<p>Chats &lt; zur\u00fcck zu den Tieren Chats errants, vivant dans un refuge, chez des particuliers ou dans une organisation Part des contributions aux frais pour : la castration et la v\u00e9rification de l&rsquo;\u00e9tat g\u00e9n\u00e9ral (nettoyage des dents, interventions m\u00e9dicales mineures) Interventions en accord avec le v\u00e9t\u00e9rinaire Une demande est accept\u00e9e si les frais ne sont [&hellip;]<\/p>\n","protected":false},"author":1,"featured_media":0,"parent":5428,"menu_order":0,"comment_status":"closed","ping_status":"closed","template":"","meta":{"footnotes":""},"class_list":["post-5433","page","type-page","status-publish","hentry"],"yoast_head":"<!-- This site is optimized with the Yoast SEO plugin v27.4 - https:\/\/yoast.com\/product\/yoast-seo-wordpress\/ -->\n<title>Chats \u2013 Prise en charge frais v\u00e9t\u00e9rinaires pour chats | Fondation Franziska Schaeren<\/title>\n<meta name=\"description\" content=\"La Fondation Franziska Schaeren prend en charge les frais v\u00e9t\u00e9rinaires pour chats en Suisse. Aide financi\u00e8re pour traitements, op\u00e9rations, diagnostics et soins d&#039;urgence pour votre chat.\" \/>\n<meta name=\"robots\" content=\"index, follow, max-snippet:-1, max-image-preview:large, max-video-preview:-1\" \/>\n<link rel=\"canonical\" href=\"https:\/\/franziska-schaeren-schweiz.weiterdev.ch\/fr\/animaux-old\/chats\/\" \/>\n<meta property=\"og:locale\" content=\"fr_FR\" \/>\n<meta property=\"og:type\" content=\"article\" \/>\n<meta property=\"og:title\" content=\"Aide aux frais v\u00e9t\u00e9rinaires pour chats \u2013 Fondation Franziska Schaeren\" \/>\n<meta property=\"og:description\" content=\"Votre chat a besoin de soins v\u00e9t\u00e9rinaires ? La Fondation Franziska Schaeren finance les traitements, op\u00e9rations et diagnostics pour chats en Suisse. Demandez une prise en charge d\u00e8s maintenant.\" \/>\n<meta property=\"og:url\" content=\"https:\/\/franziska-schaeren-schweiz.weiterdev.ch\/fr\/animaux-old\/chats\/\" \/>\n<meta property=\"og:site_name\" content=\"Franziska Schaeren Schweiz\" \/>\n<meta property=\"article:modified_time\" content=\"2026-02-28T07:31:08+00:00\" \/>\n<meta property=\"og:image\" content=\"https:\/\/franziska-schaeren-schweiz.weiterdev.ch\/wp-content\/uploads\/2024\/06\/katzen-1.jpg\" \/>\n<meta name=\"twitter:card\" content=\"summary_large_image\" \/>\n<meta name=\"twitter:label1\" content=\"Dur\u00e9e de lecture estim\u00e9e\" \/>\n\t<meta name=\"twitter:data1\" content=\"1 minute\" \/>\n<script type=\"application\/ld+json\" class=\"yoast-schema-graph\">{\"@context\":\"https:\\\/\\\/schema.org\",\"@graph\":[{\"@type\":\"WebPage\",\"@id\":\"https:\\\/\\\/franziska-schaeren-schweiz.weiterdev.ch\\\/fr\\\/animaux-old\\\/chats\\\/\",\"url\":\"https:\\\/\\\/franziska-schaeren-schweiz.weiterdev.ch\\\/fr\\\/animaux-old\\\/chats\\\/\",\"name\":\"Chats \u2013 Prise en charge frais v\u00e9t\u00e9rinaires pour chats | Fondation Franziska Schaeren\",\"isPartOf\":{\"@id\":\"https:\\\/\\\/franziska-schaeren-schweiz.weiterdev.ch\\\/#website\"},\"primaryImageOfPage\":{\"@id\":\"https:\\\/\\\/franziska-schaeren-schweiz.weiterdev.ch\\\/fr\\\/animaux-old\\\/chats\\\/#primaryimage\"},\"image\":{\"@id\":\"https:\\\/\\\/franziska-schaeren-schweiz.weiterdev.ch\\\/fr\\\/animaux-old\\\/chats\\\/#primaryimage\"},\"thumbnailUrl\":\"https:\\\/\\\/franziska-schaeren-schweiz.weiterdev.ch\\\/wp-content\\\/uploads\\\/2024\\\/06\\\/katzen-1.jpg\",\"datePublished\":\"2024-01-03T13:26:17+00:00\",\"dateModified\":\"2026-02-28T07:31:08+00:00\",\"description\":\"La Fondation Franziska Schaeren prend en charge les frais v\u00e9t\u00e9rinaires pour chats en Suisse. Aide financi\u00e8re pour traitements, op\u00e9rations, diagnostics et soins d'urgence pour votre chat.\",\"breadcrumb\":{\"@id\":\"https:\\\/\\\/franziska-schaeren-schweiz.weiterdev.ch\\\/fr\\\/animaux-old\\\/chats\\\/#breadcrumb\"},\"inLanguage\":\"fr-FR\",\"potentialAction\":[{\"@type\":\"ReadAction\",\"target\":[\"https:\\\/\\\/franziska-schaeren-schweiz.weiterdev.ch\\\/fr\\\/animaux-old\\\/chats\\\/\"]}]},{\"@type\":\"ImageObject\",\"inLanguage\":\"fr-FR\",\"@id\":\"https:\\\/\\\/franziska-schaeren-schweiz.weiterdev.ch\\\/fr\\\/animaux-old\\\/chats\\\/#primaryimage\",\"url\":\"https:\\\/\\\/franziska-schaeren-schweiz.weiterdev.ch\\\/wp-content\\\/uploads\\\/2024\\\/06\\\/katzen-1.jpg\",\"contentUrl\":\"https:\\\/\\\/franziska-schaeren-schweiz.weiterdev.ch\\\/wp-content\\\/uploads\\\/2024\\\/06\\\/katzen-1.jpg\"},{\"@type\":\"BreadcrumbList\",\"@id\":\"https:\\\/\\\/franziska-schaeren-schweiz.weiterdev.ch\\\/fr\\\/animaux-old\\\/chats\\\/#breadcrumb\",\"itemListElement\":[{\"@type\":\"ListItem\",\"position\":1,\"name\":\"Home\",\"item\":\"https:\\\/\\\/franziska-schaeren-schweiz.weiterdev.ch\\\/fr\\\/\"},{\"@type\":\"ListItem\",\"position\":2,\"name\":\"Id\u00e9e directrice New\",\"item\":\"https:\\\/\\\/franziska-schaeren-schweiz.weiterdev.ch\\\/fr\\\/animaux-old\\\/\"},{\"@type\":\"ListItem\",\"position\":3,\"name\":\"Chats\"}]},{\"@type\":\"WebSite\",\"@id\":\"https:\\\/\\\/franziska-schaeren-schweiz.weiterdev.ch\\\/#website\",\"url\":\"https:\\\/\\\/franziska-schaeren-schweiz.weiterdev.ch\\\/\",\"name\":\"Franziska Schaeren Schweiz\",\"description\":\"Herz. Tier. Seele.\",\"publisher\":{\"@id\":\"https:\\\/\\\/franziska-schaeren-schweiz.weiterdev.ch\\\/#organization\"},\"alternateName\":\"FSS\",\"potentialAction\":[{\"@type\":\"SearchAction\",\"target\":{\"@type\":\"EntryPoint\",\"urlTemplate\":\"https:\\\/\\\/franziska-schaeren-schweiz.weiterdev.ch\\\/?s={search_term_string}\"},\"query-input\":{\"@type\":\"PropertyValueSpecification\",\"valueRequired\":true,\"valueName\":\"search_term_string\"}}],\"inLanguage\":\"fr-FR\"},{\"@type\":\"Organization\",\"@id\":\"https:\\\/\\\/franziska-schaeren-schweiz.weiterdev.ch\\\/#organization\",\"name\":\"Franziska Schaeren Stiftung\",\"url\":\"https:\\\/\\\/franziska-schaeren-schweiz.weiterdev.ch\\\/\",\"logo\":{\"@type\":\"ImageObject\",\"inLanguage\":\"fr-FR\",\"@id\":\"https:\\\/\\\/franziska-schaeren-schweiz.weiterdev.ch\\\/#\\\/schema\\\/logo\\\/image\\\/\",\"url\":\"https:\\\/\\\/franziska-schaeren-schweiz.weiterdev.ch\\\/wp-content\\\/uploads\\\/2024\\\/01\\\/20231130_schriftzug_logo_stiftung_slogan_def_paths_rgb.png\",\"contentUrl\":\"https:\\\/\\\/franziska-schaeren-schweiz.weiterdev.ch\\\/wp-content\\\/uploads\\\/2024\\\/01\\\/20231130_schriftzug_logo_stiftung_slogan_def_paths_rgb.png\",\"width\":2342,\"height\":578,\"caption\":\"Franziska Schaeren Stiftung\"},\"image\":{\"@id\":\"https:\\\/\\\/franziska-schaeren-schweiz.weiterdev.ch\\\/#\\\/schema\\\/logo\\\/image\\\/\"}}]}<\/script>\n<!-- \/ Yoast SEO plugin. -->","yoast_head_json":{"title":"Chats \u2013 Prise en charge frais v\u00e9t\u00e9rinaires pour chats | Fondation Franziska Schaeren","description":"La Fondation Franziska Schaeren prend en charge les frais v\u00e9t\u00e9rinaires pour chats en Suisse. Aide financi\u00e8re pour traitements, op\u00e9rations, diagnostics et soins d'urgence pour votre chat.","robots":{"index":"index","follow":"follow","max-snippet":"max-snippet:-1","max-image-preview":"max-image-preview:large","max-video-preview":"max-video-preview:-1"},"canonical":"https:\/\/franziska-schaeren-schweiz.weiterdev.ch\/fr\/animaux-old\/chats\/","og_locale":"fr_FR","og_type":"article","og_title":"Aide aux frais v\u00e9t\u00e9rinaires pour chats \u2013 Fondation Franziska Schaeren","og_description":"Votre chat a besoin de soins v\u00e9t\u00e9rinaires ? La Fondation Franziska Schaeren finance les traitements, op\u00e9rations et diagnostics pour chats en Suisse. Demandez une prise en charge d\u00e8s maintenant.","og_url":"https:\/\/franziska-schaeren-schweiz.weiterdev.ch\/fr\/animaux-old\/chats\/","og_site_name":"Franziska Schaeren Schweiz","article_modified_time":"2026-02-28T07:31:08+00:00","og_image":[{"url":"https:\/\/franziska-schaeren-schweiz.weiterdev.ch\/wp-content\/uploads\/2024\/06\/katzen-1.jpg","type":"","width":"","height":""}],"twitter_card":"summary_large_image","twitter_misc":{"Dur\u00e9e de lecture estim\u00e9e":"1 minute"},"schema":{"@context":"https:\/\/schema.org","@graph":[{"@type":"WebPage","@id":"https:\/\/franziska-schaeren-schweiz.weiterdev.ch\/fr\/animaux-old\/chats\/","url":"https:\/\/franziska-schaeren-schweiz.weiterdev.ch\/fr\/animaux-old\/chats\/","name":"Chats \u2013 Prise en charge frais v\u00e9t\u00e9rinaires pour chats | Fondation Franziska Schaeren","isPartOf":{"@id":"https:\/\/franziska-schaeren-schweiz.weiterdev.ch\/#website"},"primaryImageOfPage":{"@id":"https:\/\/franziska-schaeren-schweiz.weiterdev.ch\/fr\/animaux-old\/chats\/#primaryimage"},"image":{"@id":"https:\/\/franziska-schaeren-schweiz.weiterdev.ch\/fr\/animaux-old\/chats\/#primaryimage"},"thumbnailUrl":"https:\/\/franziska-schaeren-schweiz.weiterdev.ch\/wp-content\/uploads\/2024\/06\/katzen-1.jpg","datePublished":"2024-01-03T13:26:17+00:00","dateModified":"2026-02-28T07:31:08+00:00","description":"La Fondation Franziska Schaeren prend en charge les frais v\u00e9t\u00e9rinaires pour chats en Suisse. Aide financi\u00e8re pour traitements, op\u00e9rations, diagnostics et soins d'urgence pour votre chat.","breadcrumb":{"@id":"https:\/\/franziska-schaeren-schweiz.weiterdev.ch\/fr\/animaux-old\/chats\/#breadcrumb"},"inLanguage":"fr-FR","potentialAction":[{"@type":"ReadAction","target":["https:\/\/franziska-schaeren-schweiz.weiterdev.ch\/fr\/animaux-old\/chats\/"]}]},{"@type":"ImageObject","inLanguage":"fr-FR","@id":"https:\/\/franziska-schaeren-schweiz.weiterdev.ch\/fr\/animaux-old\/chats\/#primaryimage","url":"https:\/\/franziska-schaeren-schweiz.weiterdev.ch\/wp-content\/uploads\/2024\/06\/katzen-1.jpg","contentUrl":"https:\/\/franziska-schaeren-schweiz.weiterdev.ch\/wp-content\/uploads\/2024\/06\/katzen-1.jpg"},{"@type":"BreadcrumbList","@id":"https:\/\/franziska-schaeren-schweiz.weiterdev.ch\/fr\/animaux-old\/chats\/#breadcrumb","itemListElement":[{"@type":"ListItem","position":1,"name":"Home","item":"https:\/\/franziska-schaeren-schweiz.weiterdev.ch\/fr\/"},{"@type":"ListItem","position":2,"name":"Id\u00e9e directrice New","item":"https:\/\/franziska-schaeren-schweiz.weiterdev.ch\/fr\/animaux-old\/"},{"@type":"ListItem","position":3,"name":"Chats"}]},{"@type":"WebSite","@id":"https:\/\/franziska-schaeren-schweiz.weiterdev.ch\/#website","url":"https:\/\/franziska-schaeren-schweiz.weiterdev.ch\/","name":"Franziska Schaeren Schweiz","description":"Herz. Tier. Seele.","publisher":{"@id":"https:\/\/franziska-schaeren-schweiz.weiterdev.ch\/#organization"},"alternateName":"FSS","potentialAction":[{"@type":"SearchAction","target":{"@type":"EntryPoint","urlTemplate":"https:\/\/franziska-schaeren-schweiz.weiterdev.ch\/?s={search_term_string}"},"query-input":{"@type":"PropertyValueSpecification","valueRequired":true,"valueName":"search_term_string"}}],"inLanguage":"fr-FR"},{"@type":"Organization","@id":"https:\/\/franziska-schaeren-schweiz.weiterdev.ch\/#organization","name":"Franziska Schaeren Stiftung","url":"https:\/\/franziska-schaeren-schweiz.weiterdev.ch\/","logo":{"@type":"ImageObject","inLanguage":"fr-FR","@id":"https:\/\/franziska-schaeren-schweiz.weiterdev.ch\/#\/schema\/logo\/image\/","url":"https:\/\/franziska-schaeren-schweiz.weiterdev.ch\/wp-content\/uploads\/2024\/01\/20231130_schriftzug_logo_stiftung_slogan_def_paths_rgb.png","contentUrl":"https:\/\/franziska-schaeren-schweiz.weiterdev.ch\/wp-content\/uploads\/2024\/01\/20231130_schriftzug_logo_stiftung_slogan_def_paths_rgb.png","width":2342,"height":578,"caption":"Franziska Schaeren Stiftung"},"image":{"@id":"https:\/\/franziska-schaeren-schweiz.weiterdev.ch\/#\/schema\/logo\/image\/"}}]}},"_links":{"self":[{"href":"https:\/\/franziska-schaeren-schweiz.weiterdev.ch\/fr\/wp-json\/wp\/v2\/pages\/5433","targetHints":{"allow":["GET"]}}],"collection":[{"href":"https:\/\/franziska-schaeren-schweiz.weiterdev.ch\/fr\/wp-json\/wp\/v2\/pages"}],"about":[{"href":"https:\/\/franziska-schaeren-schweiz.weiterdev.ch\/fr\/wp-json\/wp\/v2\/types\/page"}],"author":[{"embeddable":true,"href":"https:\/\/franziska-schaeren-schweiz.weiterdev.ch\/fr\/wp-json\/wp\/v2\/users\/1"}],"replies":[{"embeddable":true,"href":"https:\/\/franziska-schaeren-schweiz.weiterdev.ch\/fr\/wp-json\/wp\/v2\/comments?post=5433"}],"version-history":[{"count":3,"href":"https:\/\/franziska-schaeren-schweiz.weiterdev.ch\/fr\/wp-json\/wp\/v2\/pages\/5433\/revisions"}],"predecessor-version":[{"id":11769,"href":"https:\/\/franziska-schaeren-schweiz.weiterdev.ch\/fr\/wp-json\/wp\/v2\/pages\/5433\/revisions\/11769"}],"up":[{"embeddable":true,"href":"https:\/\/franziska-schaeren-schweiz.weiterdev.ch\/fr\/wp-json\/wp\/v2\/pages\/5428"}],"wp:attachment":[{"href":"https:\/\/franziska-schaeren-schweiz.weiterdev.ch\/fr\/wp-json\/wp\/v2\/media?parent=5433"}],"curies":[{"name":"wp","href":"https:\/\/api.w.org\/{rel}","templated":true}]}}